{"id":6788,"date":"2024-08-13T09:15:17","date_gmt":"2024-08-13T08:15:17","guid":{"rendered":"https:\/\/www.zakud-kazup.hr\/?page_id=6788"},"modified":"2024-08-13T09:15:18","modified_gmt":"2024-08-13T08:15:18","slug":"kud-sveti-fabijan-zagradci","status":"publish","type":"page","link":"https:\/\/www.zakud-kazup.hr\/?page_id=6788","title":{"rendered":"KUD &#8220;SVETI FABIJAN&#8221; ZAGRADCI"},"content":{"rendered":"<div class=\"wp-block-image\">\n<figure class=\"aligncenter size-large is-resized\"><img decoding=\"async\" loading=\"lazy\" src=\"https:\/\/www.zakud-kazup.hr\/wp-content\/uploads\/2024\/08\/454346400_1075046457958190_6826292136296934713_n-1024x768.jpg\" alt=\"\" class=\"wp-image-6789\" width=\"512\" height=\"384\" srcset=\"https:\/\/www.zakud-kazup.hr\/wp-content\/uploads\/2024\/08\/454346400_1075046457958190_6826292136296934713_n-1024x768.jpg 1024w, https:\/\/www.zakud-kazup.hr\/wp-content\/uploads\/2024\/08\/454346400_1075046457958190_6826292136296934713_n-300x225.jpg 300w, https:\/\/www.zakud-kazup.hr\/wp-content\/uploads\/2024\/08\/454346400_1075046457958190_6826292136296934713_n-1536x1152.jpg 1536w, https:\/\/www.zakud-kazup.hr\/wp-content\/uploads\/2024\/08\/454346400_1075046457958190_6826292136296934713_n-150x113.jpg 150w, https:\/\/www.zakud-kazup.hr\/wp-content\/uploads\/2024\/08\/454346400_1075046457958190_6826292136296934713_n-24x18.jpg 24w, https:\/\/www.zakud-kazup.hr\/wp-content\/uploads\/2024\/08\/454346400_1075046457958190_6826292136296934713_n-36x27.jpg 36w, https:\/\/www.zakud-kazup.hr\/wp-content\/uploads\/2024\/08\/454346400_1075046457958190_6826292136296934713_n-48x36.jpg 48w, https:\/\/www.zakud-kazup.hr\/wp-content\/uploads\/2024\/08\/454346400_1075046457958190_6826292136296934713_n.jpg 2048w\" sizes=\"(max-width: 512px) 100vw, 512px\" \/><\/figure><\/div>\n\n\n<div class=\"wp-block-columns is-layout-flex wp-container-2\">\n<div class=\"wp-block-column is-layout-flow\"><\/div>\n<\/div>\n\n\n\n<p class=\"has-text-align-center\"><strong>Adresa:<\/strong> Zagradci 24, 47271 Netreti\u0107<\/p>\n\n\n\n<p class=\"has-text-align-center\"><strong>Ime i prezime predsjednice udruge s kontaktom: <\/strong>MIRJANA POGA\u010cI\u0106, 098\/902-0063<\/p>\n\n\n\n<p class=\"has-text-align-center\"><strong>E-mail adresa: <\/strong>pogacicmi@gmail.com<\/p>\n\n\n\n<p class=\"has-text-align-center\"><strong>OIB udruge:<\/strong> 39053388236<\/p>\n\n\n\n<div class=\"wp-block-columns is-layout-flex wp-container-4\">\n<div class=\"wp-block-column is-layout-flow\"><\/div>\n<\/div>\n","protected":false},"excerpt":{"rendered":"<p>Adresa: Zagradci 24, 47271 Netreti\u0107 Ime i prezime predsjednice udruge s kontaktom: MIRJANA POGA\u010cI\u0106, 098\/902-0063 E-mail adresa: pogacicmi@gmail.com OIB udruge: 39053388236<\/p>\n","protected":false},"author":2,"featured_media":0,"parent":0,"menu_order":0,"comment_status":"closed","ping_status":"closed","template":"","meta":{"Layout":""},"_links":{"self":[{"href":"https:\/\/www.zakud-kazup.hr\/index.php?rest_route=\/wp\/v2\/pages\/6788"}],"collection":[{"href":"https:\/\/www.zakud-kazup.hr\/index.php?rest_route=\/wp\/v2\/pages"}],"about":[{"href":"https:\/\/www.zakud-kazup.hr\/index.php?rest_route=\/wp\/v2\/types\/page"}],"author":[{"embeddable":true,"href":"https:\/\/www.zakud-kazup.hr\/index.php?rest_route=\/wp\/v2\/users\/2"}],"replies":[{"embeddable":true,"href":"https:\/\/www.zakud-kazup.hr\/index.php?rest_route=%2Fwp%2Fv2%2Fcomments&post=6788"}],"version-history":[{"count":1,"href":"https:\/\/www.zakud-kazup.hr\/index.php?rest_route=\/wp\/v2\/pages\/6788\/revisions"}],"predecessor-version":[{"id":6790,"href":"https:\/\/www.zakud-kazup.hr\/index.php?rest_route=\/wp\/v2\/pages\/6788\/revisions\/6790"}],"wp:attachment":[{"href":"https:\/\/www.zakud-kazup.hr\/index.php?rest_route=%2Fwp%2Fv2%2Fmedia&parent=6788"}],"curies":[{"name":"wp","href":"https:\/\/api.w.org\/{rel}","templated":true}]}}