{"id":6257,"date":"2024-01-12T10:21:47","date_gmt":"2024-01-12T09:21:47","guid":{"rendered":"https:\/\/www.zakud-kazup.hr\/?page_id=6257"},"modified":"2024-08-13T11:53:24","modified_gmt":"2024-08-13T10:53:24","slug":"kud-sv-mihovil-niksic","status":"publish","type":"page","link":"https:\/\/www.zakud-kazup.hr\/?page_id=6257","title":{"rendered":"KUD &#8220;SVETI MIHOVIL&#8221; NIK\u0160I\u0106"},"content":{"rendered":"<div class=\"wp-block-image\">\n<figure class=\"aligncenter size-large is-resized\"><img decoding=\"async\" loading=\"lazy\" src=\"https:\/\/www.zakud-kazup.hr\/wp-content\/uploads\/2024\/01\/niksic-1024x576.jpg\" alt=\"\" class=\"wp-image-6258\" width=\"512\" height=\"288\" srcset=\"https:\/\/www.zakud-kazup.hr\/wp-content\/uploads\/2024\/01\/niksic-1024x576.jpg 1024w, https:\/\/www.zakud-kazup.hr\/wp-content\/uploads\/2024\/01\/niksic-300x169.jpg 300w, https:\/\/www.zakud-kazup.hr\/wp-content\/uploads\/2024\/01\/niksic-150x84.jpg 150w, https:\/\/www.zakud-kazup.hr\/wp-content\/uploads\/2024\/01\/niksic-24x14.jpg 24w, https:\/\/www.zakud-kazup.hr\/wp-content\/uploads\/2024\/01\/niksic-36x20.jpg 36w, https:\/\/www.zakud-kazup.hr\/wp-content\/uploads\/2024\/01\/niksic-48x27.jpg 48w, https:\/\/www.zakud-kazup.hr\/wp-content\/uploads\/2024\/01\/niksic.jpg 1440w\" sizes=\"(max-width: 512px) 100vw, 512px\" \/><\/figure><\/div>\n\n\n<div class=\"wp-block-columns is-layout-flex wp-container-2\">\n<div class=\"wp-block-column is-layout-flow\"><\/div>\n<\/div>\n\n\n\n<p class=\"has-text-align-center\"><strong>Adresa:&nbsp;<\/strong>Donji Nik\u0161i\u0107 1, 47240 SLUNJ<\/p>\n\n\n\n<p class=\"has-text-align-center\"><strong>Ime i prezime predsjednika udruge sa kontaktom:<\/strong> NIKICA PLIVELI\u0106<\/p>\n\n\n\n<p class=\"has-text-align-center\"><strong>E-mail adresa:&nbsp;<\/strong>nikicaplivelic@gmail.com<\/p>\n\n\n\n<p class=\"has-text-align-center\"><strong>OIB udruge:<\/strong> 43246073433<\/p>\n","protected":false},"excerpt":{"rendered":"<p>Adresa:&nbsp;Donji Nik\u0161i\u0107 1, 47240 SLUNJ Ime i prezime predsjednika udruge sa kontaktom: NIKICA PLIVELI\u0106 E-mail adresa:&nbsp;nikicaplivelic@gmail.com OIB udruge: 43246073433<\/p>\n","protected":false},"author":2,"featured_media":0,"parent":0,"menu_order":0,"comment_status":"closed","ping_status":"closed","template":"","meta":{"Layout":""},"_links":{"self":[{"href":"https:\/\/www.zakud-kazup.hr\/index.php?rest_route=\/wp\/v2\/pages\/6257"}],"collection":[{"href":"https:\/\/www.zakud-kazup.hr\/index.php?rest_route=\/wp\/v2\/pages"}],"about":[{"href":"https:\/\/www.zakud-kazup.hr\/index.php?rest_route=\/wp\/v2\/types\/page"}],"author":[{"embeddable":true,"href":"https:\/\/www.zakud-kazup.hr\/index.php?rest_route=\/wp\/v2\/users\/2"}],"replies":[{"embeddable":true,"href":"https:\/\/www.zakud-kazup.hr\/index.php?rest_route=%2Fwp%2Fv2%2Fcomments&post=6257"}],"version-history":[{"count":4,"href":"https:\/\/www.zakud-kazup.hr\/index.php?rest_route=\/wp\/v2\/pages\/6257\/revisions"}],"predecessor-version":[{"id":6818,"href":"https:\/\/www.zakud-kazup.hr\/index.php?rest_route=\/wp\/v2\/pages\/6257\/revisions\/6818"}],"wp:attachment":[{"href":"https:\/\/www.zakud-kazup.hr\/index.php?rest_route=%2Fwp%2Fv2%2Fmedia&parent=6257"}],"curies":[{"name":"wp","href":"https:\/\/api.w.org\/{rel}","templated":true}]}}