{"id":6066,"date":"2024-01-04T12:26:22","date_gmt":"2024-01-04T11:26:22","guid":{"rendered":"https:\/\/www.zakud-kazup.hr\/?page_id=6066"},"modified":"2024-08-12T11:34:55","modified_gmt":"2024-08-12T10:34:55","slug":"hrvatsko-pjevacko-drustvo-klek","status":"publish","type":"page","link":"https:\/\/www.zakud-kazup.hr\/?page_id=6066","title":{"rendered":"HRVATSKO PJEVA\u010cKO DRU\u0160TVO KLEK"},"content":{"rendered":"<div class=\"wp-block-image\">\n<figure class=\"aligncenter size-full is-resized\"><img decoding=\"async\" loading=\"lazy\" src=\"https:\/\/www.zakud-kazup.hr\/wp-content\/uploads\/2024\/01\/\u00b8HPD-Klek-2019-ist.jpg\" alt=\"\" class=\"wp-image-6067\" width=\"600\" height=\"400\" srcset=\"https:\/\/www.zakud-kazup.hr\/wp-content\/uploads\/2024\/01\/\u00b8HPD-Klek-2019-ist.jpg 800w, https:\/\/www.zakud-kazup.hr\/wp-content\/uploads\/2024\/01\/\u00b8HPD-Klek-2019-ist-300x200.jpg 300w, https:\/\/www.zakud-kazup.hr\/wp-content\/uploads\/2024\/01\/\u00b8HPD-Klek-2019-ist-150x100.jpg 150w, https:\/\/www.zakud-kazup.hr\/wp-content\/uploads\/2024\/01\/\u00b8HPD-Klek-2019-ist-24x16.jpg 24w, https:\/\/www.zakud-kazup.hr\/wp-content\/uploads\/2024\/01\/\u00b8HPD-Klek-2019-ist-36x24.jpg 36w, https:\/\/www.zakud-kazup.hr\/wp-content\/uploads\/2024\/01\/\u00b8HPD-Klek-2019-ist-48x32.jpg 48w\" sizes=\"(max-width: 600px) 100vw, 600px\" \/><\/figure><\/div>\n\n\n<div class=\"wp-block-columns is-layout-flex wp-container-2\">\n<div class=\"wp-block-column is-layout-flow\"><\/div>\n<\/div>\n\n\n\n<p class=\"has-text-align-center\"><strong>Adresa:<\/strong>&nbsp;I. B. Ma\u017eurani\u0107a 1, 47300 OGULIN<\/p>\n\n\n\n<p class=\"has-text-align-center\"><strong>Ime i prezime predsjednice udruge s kontaktom: <\/strong>MILKA TRNINI\u0106.\u00a0milka.trninic2@gmail.com,                       098\/954-3075, 047\/525-630<\/p>\n\n\n\n<p class=\"has-text-align-center\"><strong>Ime i prezime zamjenice predsjednice udruge s kontaktom: <\/strong>KATICA BLA\u0160KOVI\u0106, 099\/757-1945<\/p>\n\n\n\n<p class=\"has-text-align-center\"><strong>Ime i prezime tajnice udruge s kontaktom<\/strong>: MIRA ZORI\u0106, 099\/368-8708<\/p>\n\n\n\n<p class=\"has-text-align-center\"><strong>E-mail adresa:&nbsp;<\/strong>milka.trninic2@gmail.com<\/p>\n\n\n\n<p class=\"has-text-align-center\"><strong>OIB udruge:<\/strong>&nbsp;75029116366<\/p>\n","protected":false},"excerpt":{"rendered":"<p>Adresa:&nbsp;I. B. Ma\u017eurani\u0107a 1, 47300 OGULIN Ime i prezime predsjednice udruge s kontaktom: MILKA TRNINI\u0106.\u00a0milka.trninic2@gmail.com, 098\/954-3075, 047\/525-630 Ime i prezime zamjenice predsjednice udruge s kontaktom: KATICA BLA\u0160KOVI\u0106, 099\/757-1945 Ime i <a href=\"https:\/\/www.zakud-kazup.hr\/?page_id=6066\" class=\"more-link\">[&hellip;]<\/a><\/p>\n","protected":false},"author":2,"featured_media":0,"parent":0,"menu_order":0,"comment_status":"closed","ping_status":"closed","template":"","meta":{"Layout":""},"_links":{"self":[{"href":"https:\/\/www.zakud-kazup.hr\/index.php?rest_route=\/wp\/v2\/pages\/6066"}],"collection":[{"href":"https:\/\/www.zakud-kazup.hr\/index.php?rest_route=\/wp\/v2\/pages"}],"about":[{"href":"https:\/\/www.zakud-kazup.hr\/index.php?rest_route=\/wp\/v2\/types\/page"}],"author":[{"embeddable":true,"href":"https:\/\/www.zakud-kazup.hr\/index.php?rest_route=\/wp\/v2\/users\/2"}],"replies":[{"embeddable":true,"href":"https:\/\/www.zakud-kazup.hr\/index.php?rest_route=%2Fwp%2Fv2%2Fcomments&post=6066"}],"version-history":[{"count":4,"href":"https:\/\/www.zakud-kazup.hr\/index.php?rest_route=\/wp\/v2\/pages\/6066\/revisions"}],"predecessor-version":[{"id":6754,"href":"https:\/\/www.zakud-kazup.hr\/index.php?rest_route=\/wp\/v2\/pages\/6066\/revisions\/6754"}],"wp:attachment":[{"href":"https:\/\/www.zakud-kazup.hr\/index.php?rest_route=%2Fwp%2Fv2%2Fmedia&parent=6066"}],"curies":[{"name":"wp","href":"https:\/\/api.w.org\/{rel}","templated":true}]}}