{"id":5639,"date":"2023-11-08T08:14:32","date_gmt":"2023-11-08T07:14:32","guid":{"rendered":"https:\/\/www.zakud-kazup.hr\/?page_id=5639"},"modified":"2025-12-10T12:48:47","modified_gmt":"2025-12-10T11:48:47","slug":"folklorni-ansambl-ivan-mazuranic-karlovac","status":"publish","type":"page","link":"https:\/\/www.zakud-kazup.hr\/?page_id=5639","title":{"rendered":"FOLKLORNI ANSAMBL &#8220;IVAN MA\u017dURANI\u0106&#8221; KARLOVAC"},"content":{"rendered":"<div class=\"wp-block-image\">\n<figure class=\"aligncenter size-large is-resized\"><img decoding=\"async\" loading=\"lazy\" src=\"https:\/\/www.zakud-kazup.hr\/wp-content\/uploads\/2024\/08\/452930623_18277261903239234_4386697106860947382_n-1024x768.jpg\" alt=\"\" class=\"wp-image-6819\" width=\"512\" height=\"384\" srcset=\"https:\/\/www.zakud-kazup.hr\/wp-content\/uploads\/2024\/08\/452930623_18277261903239234_4386697106860947382_n-1024x768.jpg 1024w, https:\/\/www.zakud-kazup.hr\/wp-content\/uploads\/2024\/08\/452930623_18277261903239234_4386697106860947382_n-300x225.jpg 300w, https:\/\/www.zakud-kazup.hr\/wp-content\/uploads\/2024\/08\/452930623_18277261903239234_4386697106860947382_n-150x113.jpg 150w, https:\/\/www.zakud-kazup.hr\/wp-content\/uploads\/2024\/08\/452930623_18277261903239234_4386697106860947382_n-24x18.jpg 24w, https:\/\/www.zakud-kazup.hr\/wp-content\/uploads\/2024\/08\/452930623_18277261903239234_4386697106860947382_n-36x27.jpg 36w, https:\/\/www.zakud-kazup.hr\/wp-content\/uploads\/2024\/08\/452930623_18277261903239234_4386697106860947382_n-48x36.jpg 48w, https:\/\/www.zakud-kazup.hr\/wp-content\/uploads\/2024\/08\/452930623_18277261903239234_4386697106860947382_n.jpg 1440w\" sizes=\"(max-width: 512px) 100vw, 512px\" \/><\/figure><\/div>\n\n\n<div class=\"wp-block-columns is-layout-flex wp-container-2\">\n<div class=\"wp-block-column is-layout-flow\"><\/div>\n<\/div>\n\n\n\n<p class=\"has-text-align-center\"><strong>Adresa:<\/strong> <strong>G<\/strong>a\u017eanski trg 8, 47300 KARLOVAC<\/p>\n\n\n\n<p class=\"has-text-align-center\"><strong>Ime i prezime predsjednice udruge s kontaktom:<\/strong> IVANA GOJAK KU\u010cINI\u0106, 098\/794-888<\/p>\n\n\n\n<p class=\"has-text-align-center\"><strong>Ime i prezime tajnice udruge s kontaktom:<\/strong> Marija Salopek Mirosavljevi\u0107, 099\/525-8805<\/p>\n\n\n\n<p class=\"has-text-align-center\"><strong>Broj \u010dlanova udruge:<\/strong> 16<\/p>\n\n\n\n<p class=\"has-text-align-center\"><strong>E-mail adresa:&nbsp;<\/strong>faimazuranic.klc@gmail.com<\/p>\n\n\n\n<p class=\"has-text-align-center\"><strong>OIB udruge:<\/strong> 49723986970<\/p>\n\n\n\n<div class=\"wp-block-columns is-layout-flex wp-container-4\">\n<div class=\"wp-block-column is-layout-flow\"><\/div>\n<\/div>\n","protected":false},"excerpt":{"rendered":"<p>Adresa: Ga\u017eanski trg 8, 47300 KARLOVAC Ime i prezime predsjednice udruge s kontaktom: IVANA GOJAK KU\u010cINI\u0106, 098\/794-888 Ime i prezime tajnice udruge s kontaktom: Marija Salopek Mirosavljevi\u0107, 099\/525-8805 Broj \u010dlanova <a href=\"https:\/\/www.zakud-kazup.hr\/?page_id=5639\" class=\"more-link\">[&hellip;]<\/a><\/p>\n","protected":false},"author":1,"featured_media":0,"parent":173,"menu_order":0,"comment_status":"closed","ping_status":"closed","template":"","meta":{"Layout":""},"_links":{"self":[{"href":"https:\/\/www.zakud-kazup.hr\/index.php?rest_route=\/wp\/v2\/pages\/5639"}],"collection":[{"href":"https:\/\/www.zakud-kazup.hr\/index.php?rest_route=\/wp\/v2\/pages"}],"about":[{"href":"https:\/\/www.zakud-kazup.hr\/index.php?rest_route=\/wp\/v2\/types\/page"}],"author":[{"embeddable":true,"href":"https:\/\/www.zakud-kazup.hr\/index.php?rest_route=\/wp\/v2\/users\/1"}],"replies":[{"embeddable":true,"href":"https:\/\/www.zakud-kazup.hr\/index.php?rest_route=%2Fwp%2Fv2%2Fcomments&post=5639"}],"version-history":[{"count":9,"href":"https:\/\/www.zakud-kazup.hr\/index.php?rest_route=\/wp\/v2\/pages\/5639\/revisions"}],"predecessor-version":[{"id":7835,"href":"https:\/\/www.zakud-kazup.hr\/index.php?rest_route=\/wp\/v2\/pages\/5639\/revisions\/7835"}],"up":[{"embeddable":true,"href":"https:\/\/www.zakud-kazup.hr\/index.php?rest_route=\/wp\/v2\/pages\/173"}],"wp:attachment":[{"href":"https:\/\/www.zakud-kazup.hr\/index.php?rest_route=%2Fwp%2Fv2%2Fmedia&parent=5639"}],"curies":[{"name":"wp","href":"https:\/\/api.w.org\/{rel}","templated":true}]}}