{"id":526,"date":"2015-05-04T10:44:29","date_gmt":"2015-05-04T09:44:29","guid":{"rendered":"http:\/\/www.zakud-kazup.hr\/?page_id=526"},"modified":"2024-08-13T08:49:42","modified_gmt":"2024-08-13T07:49:42","slug":"kud-sveti-juraj-duga-resa","status":"publish","type":"page","link":"https:\/\/www.zakud-kazup.hr\/?page_id=526","title":{"rendered":"KUD &#8220;SVETI JURAJ&#8221; DUGA RESA"},"content":{"rendered":"<div class=\"wp-block-image\">\n<figure class=\"aligncenter size-large is-resized\"><img decoding=\"async\" loading=\"lazy\" src=\"https:\/\/www.zakud-kazup.hr\/wp-content\/uploads\/2024\/08\/298877533_483353750457194_8872098790190577191_n-1024x562.jpg\" alt=\"\" class=\"wp-image-6775\" width=\"512\" height=\"281\" srcset=\"https:\/\/www.zakud-kazup.hr\/wp-content\/uploads\/2024\/08\/298877533_483353750457194_8872098790190577191_n-1024x562.jpg 1024w, https:\/\/www.zakud-kazup.hr\/wp-content\/uploads\/2024\/08\/298877533_483353750457194_8872098790190577191_n-300x165.jpg 300w, https:\/\/www.zakud-kazup.hr\/wp-content\/uploads\/2024\/08\/298877533_483353750457194_8872098790190577191_n-1536x842.jpg 1536w, https:\/\/www.zakud-kazup.hr\/wp-content\/uploads\/2024\/08\/298877533_483353750457194_8872098790190577191_n-150x82.jpg 150w, https:\/\/www.zakud-kazup.hr\/wp-content\/uploads\/2024\/08\/298877533_483353750457194_8872098790190577191_n-24x13.jpg 24w, https:\/\/www.zakud-kazup.hr\/wp-content\/uploads\/2024\/08\/298877533_483353750457194_8872098790190577191_n-36x20.jpg 36w, https:\/\/www.zakud-kazup.hr\/wp-content\/uploads\/2024\/08\/298877533_483353750457194_8872098790190577191_n-48x26.jpg 48w, https:\/\/www.zakud-kazup.hr\/wp-content\/uploads\/2024\/08\/298877533_483353750457194_8872098790190577191_n.jpg 2048w\" sizes=\"(max-width: 512px) 100vw, 512px\" \/><\/figure><\/div>\n\n\n<div class=\"wp-block-columns is-layout-flex wp-container-2\">\n<div class=\"wp-block-column is-layout-flow\"><\/div>\n<\/div>\n\n\n\n<p class=\"has-text-align-center\"><strong>Slu\u017ebeni naziv udruge: <\/strong>Kulturno-umjetni\u010dko dru\u0161tvo \u201eSveti Juraj\u201c Duga Resa<\/p>\n\n\n\n<p class=\"has-text-align-center\"><strong>Adresa: <\/strong>Kasar 16, 47250 Duga Resa<\/p>\n\n\n\n<p class=\"has-text-align-center\"><strong>Ime i prezime predsjednika udruge sa kontaktom: <\/strong>VJEKOSLAV TUTEK,&nbsp; 091 \/ 7832 &#8211; 268<\/p>\n\n\n\n<p class=\"has-text-align-center\"><strong>Ime i prezime tajnika udruge: <\/strong>DRAGICA SMILAJ<\/p>\n\n\n\n<p class=\"has-text-align-center\"><strong>Broj \u010dlanova udruge: <\/strong>40<\/p>\n\n\n\n<p class=\"has-text-align-center\"><strong>Sekcije udruge:<\/strong><\/p>\n\n\n\n<p class=\"has-text-align-center\">\u2022 Folklorna sekcija<br>\u2022 Glazbena sekcija &#8220;\u017dice s Mre\u017enice&#8221;<br>\u2022 Dje\u010dji tambura\u0161ki orkestar &#8220;Jureki&#8221;<br>\u2022 Sekcija narodnog veza i rukotvorina<\/p>\n\n\n\n<p class=\"has-text-align-center\"><strong>Voditelj folklorne sekcije: <\/strong>VJEKOSLAV TUTEK,&nbsp; 091 \/ 7832 &#8211; 268<\/p>\n\n\n\n<p class=\"has-text-align-center\"><strong>Voditelj glazbene sekcije:&nbsp;<\/strong>VJEKOSLAV TUTEK,&nbsp; 091 \/ 7832 &#8211; 268<\/p>\n\n\n\n<p class=\"has-text-align-center\"><strong>Voditelj dje\u010djeg tambura\u0161kog orkestra: <\/strong>JOSIP PETRAK, 091 \/ 5069 &#8211; 629<\/p>\n\n\n\n<p class=\"has-text-align-center\"><strong>Voditelj sekcije narodnog veza i rukotvorina: &nbsp;<\/strong>GORDANA TURKALJ,&nbsp;099 \/ 8109 &#8211; 674<\/p>\n\n\n\n<p class=\"has-text-align-center\"><strong>E-mail adresa:&nbsp;<\/strong>kudsvjuraj.dugaresa@gmail.com<\/p>\n\n\n\n<p class=\"has-text-align-center\"><strong>OIB udruge: <\/strong>95699296564<\/p>\n\n\n\n<div class=\"wp-block-columns is-layout-flex wp-container-4\">\n<div class=\"wp-block-column is-layout-flow\"><\/div>\n<\/div>\n\n\n\n<p>KUD \u201eSveti Juraj\u201c iz Duge Rese nasljednik je RKUD-a \u201e6.Maj\u201c osnovanog po\u010detkom srpnja 1948. godine. Djeluju\u0107i kroz plesnu i glazbenu sekciju te sekciju narodnog veza i rukotvorina 40-ak aktivnih \u010dlanova dru\u0161tva promi\u010de narodne pjesme, plesove i obi\u010daje dugore\u0161kog kraja, ali i ostalih dijelova Lijepe na\u0161e.<\/p>\n\n\n\n<p>Dru\u0161tvo je zabilje\u017eilo velik broj nastupa na svim va\u017enijim smotrama u Hrvatskoj (Vinkova\u010dke jeseni, \u0110akova\u010dki vezovi, \u0160oka\u010dko sijelo i sl.), nastupilo je i u parlamentu Republike Slovenije, u uredu predsjednika Republike Hrvatske, a svoj kraj i domovinu predstavili su i na gostovanjima u susjednoj Bosni i Hercegovini te Sloveniji.<\/p>\n\n\n\n<p>\u010clanovi dru\u0161tva posebno su ponosni na vi\u0161egodi\u0161nju suradnju sa kulturno umjetni\u010dkim dru\u0161tvima iz Osekova, Ljubu\u0161kog, \u017dupanje, Olova i Vinice sa kojima ih, osim kulturolo\u0161kih, ve\u017eu ponajprije prijateljski odnosi i ljubav prema tradiciji i ba\u0161tini.<\/p>\n","protected":false},"excerpt":{"rendered":"<p>Slu\u017ebeni naziv udruge: Kulturno-umjetni\u010dko dru\u0161tvo \u201eSveti Juraj\u201c Duga Resa Adresa: Kasar 16, 47250 Duga Resa Ime i prezime predsjednika udruge sa kontaktom: VJEKOSLAV TUTEK,&nbsp; 091 \/ 7832 &#8211; 268 Ime <a href=\"https:\/\/www.zakud-kazup.hr\/?page_id=526\" class=\"more-link\">[&hellip;]<\/a><\/p>\n","protected":false},"author":2,"featured_media":0,"parent":171,"menu_order":0,"comment_status":"closed","ping_status":"closed","template":"","meta":{"Layout":""},"_links":{"self":[{"href":"https:\/\/www.zakud-kazup.hr\/index.php?rest_route=\/wp\/v2\/pages\/526"}],"collection":[{"href":"https:\/\/www.zakud-kazup.hr\/index.php?rest_route=\/wp\/v2\/pages"}],"about":[{"href":"https:\/\/www.zakud-kazup.hr\/index.php?rest_route=\/wp\/v2\/types\/page"}],"author":[{"embeddable":true,"href":"https:\/\/www.zakud-kazup.hr\/index.php?rest_route=\/wp\/v2\/users\/2"}],"replies":[{"embeddable":true,"href":"https:\/\/www.zakud-kazup.hr\/index.php?rest_route=%2Fwp%2Fv2%2Fcomments&post=526"}],"version-history":[{"count":9,"href":"https:\/\/www.zakud-kazup.hr\/index.php?rest_route=\/wp\/v2\/pages\/526\/revisions"}],"predecessor-version":[{"id":6778,"href":"https:\/\/www.zakud-kazup.hr\/index.php?rest_route=\/wp\/v2\/pages\/526\/revisions\/6778"}],"up":[{"embeddable":true,"href":"https:\/\/www.zakud-kazup.hr\/index.php?rest_route=\/wp\/v2\/pages\/171"}],"wp:attachment":[{"href":"https:\/\/www.zakud-kazup.hr\/index.php?rest_route=%2Fwp%2Fv2%2Fmedia&parent=526"}],"curies":[{"name":"wp","href":"https:\/\/api.w.org\/{rel}","templated":true}]}}