{"id":5240,"date":"2023-06-20T10:12:43","date_gmt":"2023-06-20T09:12:43","guid":{"rendered":"http:\/\/www.zakud-kazup.hr\/?page_id=5240"},"modified":"2025-12-17T10:48:12","modified_gmt":"2025-12-17T09:48:12","slug":"kud-kljuc-trg-ozalj","status":"publish","type":"page","link":"https:\/\/www.zakud-kazup.hr\/?page_id=5240","title":{"rendered":"KUD &#8220;KLJU\u010c&#8221; TRG"},"content":{"rendered":"\n<div class=\"wp-block-columns is-layout-flex wp-container-2\">\n<div class=\"wp-block-column is-layout-flow\"><\/div>\n<\/div>\n\n\n<div class=\"wp-block-image\">\n<figure class=\"aligncenter size-full is-resized\"><img decoding=\"async\" loading=\"lazy\" src=\"https:\/\/www.zakud-kazup.hr\/wp-content\/uploads\/2023\/06\/kudkljuc-ozalj-03.jpg\" alt=\"\" class=\"wp-image-5241\" width=\"515\" height=\"343\" srcset=\"https:\/\/www.zakud-kazup.hr\/wp-content\/uploads\/2023\/06\/kudkljuc-ozalj-03.jpg 800w, https:\/\/www.zakud-kazup.hr\/wp-content\/uploads\/2023\/06\/kudkljuc-ozalj-03-300x200.jpg 300w, https:\/\/www.zakud-kazup.hr\/wp-content\/uploads\/2023\/06\/kudkljuc-ozalj-03-150x100.jpg 150w, https:\/\/www.zakud-kazup.hr\/wp-content\/uploads\/2023\/06\/kudkljuc-ozalj-03-24x16.jpg 24w, https:\/\/www.zakud-kazup.hr\/wp-content\/uploads\/2023\/06\/kudkljuc-ozalj-03-36x24.jpg 36w, https:\/\/www.zakud-kazup.hr\/wp-content\/uploads\/2023\/06\/kudkljuc-ozalj-03-48x32.jpg 48w\" sizes=\"(max-width: 515px) 100vw, 515px\" \/><\/figure><\/div>\n\n\n<div class=\"wp-block-columns is-layout-flex wp-container-4\">\n<div class=\"wp-block-column is-layout-flow\"><\/div>\n<\/div>\n\n\n\n<p class=\"has-text-align-center\"><strong>Adresa: <\/strong>Trg 25 A, Ozalj<\/p>\n\n\n\n<p class=\"has-text-align-center\"><strong>Ime i prezime predsjednice udruge: <\/strong>MELITA MATAKOVI\u0107-RO\u017dI\u0106<\/p>\n\n\n\n<p class=\"has-text-align-center\"><strong>E-mail adresa:<\/strong> goga.basar@gmail.com<\/p>\n\n\n\n<p class=\"has-text-align-center\"><strong>OIB:<\/strong> 26079791103<\/p>\n\n\n\n<div class=\"wp-block-columns is-layout-flex wp-container-6\">\n<div class=\"wp-block-column is-layout-flow\"><\/div>\n<\/div>\n","protected":false},"excerpt":{"rendered":"<p>Adresa: Trg 25 A, Ozalj Ime i prezime predsjednice udruge: MELITA MATAKOVI\u0107-RO\u017dI\u0106 E-mail adresa: goga.basar@gmail.com OIB: 26079791103<\/p>\n","protected":false},"author":1,"featured_media":0,"parent":0,"menu_order":0,"comment_status":"closed","ping_status":"closed","template":"","meta":{"Layout":""},"_links":{"self":[{"href":"https:\/\/www.zakud-kazup.hr\/index.php?rest_route=\/wp\/v2\/pages\/5240"}],"collection":[{"href":"https:\/\/www.zakud-kazup.hr\/index.php?rest_route=\/wp\/v2\/pages"}],"about":[{"href":"https:\/\/www.zakud-kazup.hr\/index.php?rest_route=\/wp\/v2\/types\/page"}],"author":[{"embeddable":true,"href":"https:\/\/www.zakud-kazup.hr\/index.php?rest_route=\/wp\/v2\/users\/1"}],"replies":[{"embeddable":true,"href":"https:\/\/www.zakud-kazup.hr\/index.php?rest_route=%2Fwp%2Fv2%2Fcomments&post=5240"}],"version-history":[{"count":6,"href":"https:\/\/www.zakud-kazup.hr\/index.php?rest_route=\/wp\/v2\/pages\/5240\/revisions"}],"predecessor-version":[{"id":7856,"href":"https:\/\/www.zakud-kazup.hr\/index.php?rest_route=\/wp\/v2\/pages\/5240\/revisions\/7856"}],"wp:attachment":[{"href":"https:\/\/www.zakud-kazup.hr\/index.php?rest_route=%2Fwp%2Fv2%2Fmedia&parent=5240"}],"curies":[{"name":"wp","href":"https:\/\/api.w.org\/{rel}","templated":true}]}}