{"id":494,"date":"2015-04-21T12:52:11","date_gmt":"2015-04-21T11:52:11","guid":{"rendered":"http:\/\/www.zakud-kazup.hr\/?page_id=494"},"modified":"2024-01-08T08:43:21","modified_gmt":"2024-01-08T07:43:21","slug":"folklorna-druzina-vuga","status":"publish","type":"page","link":"https:\/\/www.zakud-kazup.hr\/?page_id=494","title":{"rendered":"FOLKLORNA DRU\u017dINA &#8220;VUGA&#8221;"},"content":{"rendered":"\n<div class=\"wp-block-columns is-layout-flex wp-container-3\">\n<div class=\"wp-block-column is-layout-flow\" style=\"flex-basis:100%\">\n<div class=\"wp-block-group is-layout-constrained\"><div class=\"wp-block-group__inner-container\">\n<p style=\"text-align: left;\"><img decoding=\"async\" loading=\"lazy\" class=\"wp-image-495 aligncenter\" src=\"https:\/\/www.zakud-kazup.hr\/wp-content\/uploads\/2015\/04\/VUGE-300x223.png\" alt=\"VUGE\" width=\"404\" height=\"300\" srcset=\"https:\/\/www.zakud-kazup.hr\/wp-content\/uploads\/2015\/04\/VUGE-300x223.png 300w, https:\/\/www.zakud-kazup.hr\/wp-content\/uploads\/2015\/04\/VUGE-24x17.png 24w, https:\/\/www.zakud-kazup.hr\/wp-content\/uploads\/2015\/04\/VUGE-36x26.png 36w, https:\/\/www.zakud-kazup.hr\/wp-content\/uploads\/2015\/04\/VUGE-48x35.png 48w, https:\/\/www.zakud-kazup.hr\/wp-content\/uploads\/2015\/04\/VUGE.png 1007w\" sizes=\"(max-width: 404px) 100vw, 404px\" \/><\/p>\n<p style=\"text-align: center;\"><strong>Adresa:<\/strong> Miroslava Krle\u017ee 1\/B, 47300 KARLOVAC<\/p>\n<p style=\"text-align: center;\"><strong>Ime i prezime predsjednika udruge sa kontaktom:<\/strong>\u00a0IVAN\u010cICA PLEMI\u0106, 098\/700-221<b><\/b><\/p>\n<p style=\"text-align: center;\"><strong>Broj \u010dlanova udruge:<\/strong> 16<\/p>\n<p style=\"text-align: center;\"><strong>E-mail adresa: <\/strong>fdvuga@gmail.com<\/p>\n<p style=\"text-align: center;\"><strong>OIB udruge:<\/strong> 76859184223<\/p>\n<p>\u00a0<\/p>\n<p style=\"text-align: justify;\">Folklorna dru\u017eina \u201eVUGA\u201c osnovana je 30.01.2007. godine i djeluje na podru\u010dju grada Karlovca. Nazvana je po istoimenoj ptici pjevici koja se \u010desto spominje u pu\u010dkim pjesmama sjeverozapadne Hrvatske.<\/p>\n<p style=\"text-align: justify;\">Dru\u017eina njeguje folklorne napjeve svih hrvatskih krajeva, kao i napjeve koje Hrvati njeguju izvan domovine (Austrijsko Gradi\u0161\u0107e, Boka Kotorska, Sarajevo, Bunjevac i sl.), i na taj na\u010din aktivno doprinosi o\u010duvanju i promicanju raznolikog bogatstva\u00a0hrvatskog\u00a0folklornog\u00a0naslje\u0111a. U po\u010detku je dru\u017eina bila mje\u0161oviti vokalno-instrumentalni ansambl, no danas prete\u017eito djeluje kao \u017eenski\u00a0vokalni\u00a0sastav.<\/p>\n<p style=\"text-align: justify;\">\u201eVUGA\u201c okuplja 16 \u010dlanica vokalnog sastava, te pod stru\u010dnim vodstvom Branka Ivankovi\u0107a ni\u017ee mnogobrojne nastupe i posti\u017ee zapa\u017eene rezultate. Svoj prvi zapa\u017eeniji uspjeh dru\u017eina je postigla sudjelovanjem na 10. \u017dupanijskoj smotri folklora gdje su izabrane kao predstavnice Karlova\u010dke \u017eupanije na Dr\u017eavnoj smotri malih\u00a0 vokalnih sastava u Mariji Bistrici. Na temelju tog nastupa Hrvatski sabor kulture proglasio ih je najboljim malim vokalnim ansamblom u Hrvatskoj u 2007. godini. Isti su uspjeh ponovile 2010. i 2011. godine.<\/p>\n<p style=\"text-align: justify;\">Koncert hrvatskih Bo\u017ei\u0107nih pjesama i kolendi odr\u017eale su 28.12.2007. u Crkvi Majke Bo\u017eje Snje\u017ene u Kamenskom, \u010ditav koncert je snimljen i ve\u0107 niz godina za redom upotpunjava glazbeni program Tv 4 rijeke u Bo\u017ei\u0107nom razdoblju.<\/p>\n<p style=\"text-align: justify;\">Krajem 2008.g snimile su nosa\u010d zvuka u suradnji sa Tambura\u0161kim sastavom \u201eGrofovi\u201c, pod nazivom \u201eSvijetlo Bo\u017ei\u0107ne no\u0107i\u201c u nakladni\u0161tvu Croatia recordsa.<\/p>\n<p style=\"text-align: justify;\">Nastupale su na mnogobrojnim manifestacijama i koncertima, kao \u0161to su koncert \u201e\u0160tedim i darujem\u201d sa klapom Kampanel, nastup na \u201ePrvoj hrvatskoj razglednici\u201d u Lisinskom pod okriljem Hrvatskog sabora kulture, kao gosti na koncertima u organizaciji ZOAKD-a, na sajmovima vjen\u010danja, medicinskim \u201eSvibanjskim danima\u201c, u emisiji HRT-a \u201eDobro jutro Hrvatska\u201c, na mnogim svadbenim sve\u010danostima i raznim drugim manifestacijama.<\/p>\n<p style=\"text-align: justify;\">2012. godine snimile su drugi nosa\u010d zvuka, pod nazivom \u201eHrvatsko biserje\u201c, tako\u0111er u nakladni\u0161tvu Croatia recordsa, koji je dio projekta zami\u0161ljenog da bude zvukovna razglednica Republike Hrvatske u tri dijela, sa pjesmama iz razli\u010ditih regija i sa razli\u010ditim instrumentima. Nosa\u010d zvuka je uvr\u0161ten u turisti\u010dku ko\u0161aricu Grada Karlovca. Promociju nosa\u010da zvuka odr\u017eale su u travnju 2013. godine u prepunoj dvorani Gradskog kazali\u0161ta \u201eZorin dom\u201c.<\/p>\n<p style=\"text-align: justify;\">Njihov drugi nosa\u010d zvuka pod nazivom \u201eHrvatsko biserje 2\u201c izdan krajem 2014. godine nominiran je za nagradu Porin u kategoriji\u00a0br. 15. za najbolji album folklorne i etno glazbe.<\/p>\n<\/div><\/div>\n<\/div>\n<\/div>\n","protected":false},"excerpt":{"rendered":"<p>Adresa: Miroslava Krle\u017ee 1\/B, 47300 KARLOVAC Ime i prezime predsjednika udruge sa kontaktom:\u00a0IVAN\u010cICA PLEMI\u0106, 098\/700-221 Broj \u010dlanova udruge: 16 E-mail adresa: fdvuga@gmail.com OIB udruge: 76859184223 \u00a0 Folklorna dru\u017eina \u201eVUGA\u201c osnovana <a href=\"https:\/\/www.zakud-kazup.hr\/?page_id=494\" class=\"more-link\">[&hellip;]<\/a><\/p>\n","protected":false},"author":2,"featured_media":0,"parent":173,"menu_order":0,"comment_status":"closed","ping_status":"closed","template":"","meta":{"Layout":""},"_links":{"self":[{"href":"https:\/\/www.zakud-kazup.hr\/index.php?rest_route=\/wp\/v2\/pages\/494"}],"collection":[{"href":"https:\/\/www.zakud-kazup.hr\/index.php?rest_route=\/wp\/v2\/pages"}],"about":[{"href":"https:\/\/www.zakud-kazup.hr\/index.php?rest_route=\/wp\/v2\/types\/page"}],"author":[{"embeddable":true,"href":"https:\/\/www.zakud-kazup.hr\/index.php?rest_route=\/wp\/v2\/users\/2"}],"replies":[{"embeddable":true,"href":"https:\/\/www.zakud-kazup.hr\/index.php?rest_route=%2Fwp%2Fv2%2Fcomments&post=494"}],"version-history":[{"count":18,"href":"https:\/\/www.zakud-kazup.hr\/index.php?rest_route=\/wp\/v2\/pages\/494\/revisions"}],"predecessor-version":[{"id":6115,"href":"https:\/\/www.zakud-kazup.hr\/index.php?rest_route=\/wp\/v2\/pages\/494\/revisions\/6115"}],"up":[{"embeddable":true,"href":"https:\/\/www.zakud-kazup.hr\/index.php?rest_route=\/wp\/v2\/pages\/173"}],"wp:attachment":[{"href":"https:\/\/www.zakud-kazup.hr\/index.php?rest_route=%2Fwp%2Fv2%2Fmedia&parent=494"}],"curies":[{"name":"wp","href":"https:\/\/api.w.org\/{rel}","templated":true}]}}