{"id":484,"date":"2015-04-21T09:23:20","date_gmt":"2015-04-21T08:23:20","guid":{"rendered":"http:\/\/www.zakud-kazup.hr\/?page_id=484"},"modified":"2024-08-13T09:29:42","modified_gmt":"2024-08-13T08:29:42","slug":"kud-sv-rok-brezani","status":"publish","type":"page","link":"https:\/\/www.zakud-kazup.hr\/?page_id=484","title":{"rendered":"KUD &#8220;SVETI ROK&#8221; BRE\u017dANI"},"content":{"rendered":"<div class=\"wp-block-image\">\n<figure class=\"aligncenter size-full is-resized\"><img decoding=\"async\" loading=\"lazy\" src=\"https:\/\/www.zakud-kazup.hr\/wp-content\/uploads\/2024\/08\/309423179_443983144498894_1507748973789192603_n.jpg\" alt=\"\" class=\"wp-image-6794\" width=\"480\" height=\"320\" srcset=\"https:\/\/www.zakud-kazup.hr\/wp-content\/uploads\/2024\/08\/309423179_443983144498894_1507748973789192603_n.jpg 960w, https:\/\/www.zakud-kazup.hr\/wp-content\/uploads\/2024\/08\/309423179_443983144498894_1507748973789192603_n-300x200.jpg 300w, https:\/\/www.zakud-kazup.hr\/wp-content\/uploads\/2024\/08\/309423179_443983144498894_1507748973789192603_n-150x100.jpg 150w, https:\/\/www.zakud-kazup.hr\/wp-content\/uploads\/2024\/08\/309423179_443983144498894_1507748973789192603_n-24x16.jpg 24w, https:\/\/www.zakud-kazup.hr\/wp-content\/uploads\/2024\/08\/309423179_443983144498894_1507748973789192603_n-36x24.jpg 36w, https:\/\/www.zakud-kazup.hr\/wp-content\/uploads\/2024\/08\/309423179_443983144498894_1507748973789192603_n-48x32.jpg 48w\" sizes=\"(max-width: 480px) 100vw, 480px\" \/><\/figure><\/div>\n\n\n<div class=\"wp-block-columns is-layout-flex wp-container-2\">\n<div class=\"wp-block-column is-layout-flow\"><\/div>\n<\/div>\n\n\n\n<p class=\"has-text-align-center\"><strong>Slu\u017ebeni naziv udruge<\/strong>: KUD \u201eSv. Rok\u201c, Bre\u017eani<\/p>\n\n\n\n<p class=\"has-text-align-center\"><strong>Adresa<\/strong>: Bre\u017eani 12, 47212 Skakavac<\/p>\n\n\n\n<p class=\"has-text-align-center\"><strong>Ime i prezime predsjednika udruge sa kontaktom<\/strong>: IVANA FUDURI\u0106, 098 \/ 563 &#8211; 575<\/p>\n\n\n\n<p class=\"has-text-align-center\"><strong>Ime i prezime tajnika udruge<\/strong>: ANA MATIJA\u0160I\u0106<\/p>\n\n\n\n<p class=\"has-text-align-center\"><strong>Broj \u010dlanova udruge<\/strong>: 55<\/p>\n\n\n\n<p class=\"has-text-align-center\"><strong>Sekcije udruge<\/strong>:<\/p>\n\n\n\n<p class=\"has-text-align-center\">\u2022 Folklorna sekcija<br>\u2022 Glazbena sekcija<\/p>\n\n\n\n<p class=\"has-text-align-center\"><strong>Voditelj folklorne sekcije<\/strong>: \u017dELJKO KU\u010cINI\u0106, 091 \/ 2844 \u2013 280<\/p>\n\n\n\n<p class=\"has-text-align-center\"><strong>Voditelj glazbene sekcije<\/strong>: DARKO BREBERINA, 091 \/ 508 &#8211; 2505<\/p>\n\n\n\n<p class=\"has-text-align-center\"><strong>E-mail adresa<\/strong>: kudsv.rok@gmail.com<\/p>\n\n\n\n<p class=\"has-text-align-center\"><strong>OIB udruge<\/strong>: 44649731811<\/p>\n\n\n\n<div class=\"wp-block-columns is-layout-flex wp-container-4\">\n<div class=\"wp-block-column is-layout-flow\"><\/div>\n<\/div>\n\n\n\n<p>KUD \u201eSv. Rok\u201c iz Bre\u017eana je dru\u0161tvo osnovano 5.10.2011. godine s ciljem prezentiranja tradicije i obi\u010daja sa desne strane Kupe, iz sela: Slunjski Moravci, Bro\u0111ani, Skakavac, Bre\u017eani, Lipje, Ribari, Slunjska Selnica, Banska Selnica, Kablari i Banski Kova\u010devac.<\/p>\n\n\n\n<p>Dru\u0161tvo je od po\u010detka svoga djelovanja aktivno u prikupljanju kulturno-povijesne gra\u0111e i narodnog stvarala\u0161tva svoga kraja, a pjesme i plesove koje izvode obnovili su na temelju kazivanja starijih stanovnika. S obzirom da su za vrijeme Domovinskog rata uni\u0161teni gotovo svi originali primjerci narodne no\u0161nje, Dru\u0161tvo se ozbiljno prihvatilo rada te do danas rekonstruiralo velik broj no\u0161nji i otkupilo nekoliko originala, a entuzijazam \u010dlanova KUD-a \u201eSv. Rok\u201c vidljiv je i u organiziranju izlo\u017ebe rukotvorina.<\/p>\n\n\n\n<p>Pored nastavka rekonstrukcije narodne no\u0161nje Dru\u0161tvo intenzivno radi na obnovi napu\u0161tene osnovne \u0161kole u Lipju koju \u017eele pretvoriti u etno ku\u0107u u kojoj bi se izlo\u017eile rukotvorine i povijesni eksponati koje su do sada prikupili u svih devet sela.<\/p>\n\n\n\n<p>U svibnju 2013. Dru\u0161tvo je pokrenulo manifestaciju pod nazivom \u201eLipo mi je i po volji mi je\u201c, susret kulturno umjetni\u010dkih dru\u0161tava koji se sastoji od folklornog programa, nakon kojeg dru\u0161tva odmjeravaju snage u natjecanju u starim seoskim igrama.<\/p>\n","protected":false},"excerpt":{"rendered":"<p>Slu\u017ebeni naziv udruge: KUD \u201eSv. Rok\u201c, Bre\u017eani Adresa: Bre\u017eani 12, 47212 Skakavac Ime i prezime predsjednika udruge sa kontaktom: IVANA FUDURI\u0106, 098 \/ 563 &#8211; 575 Ime i prezime tajnika <a href=\"https:\/\/www.zakud-kazup.hr\/?page_id=484\" class=\"more-link\">[&hellip;]<\/a><\/p>\n","protected":false},"author":2,"featured_media":0,"parent":171,"menu_order":0,"comment_status":"closed","ping_status":"closed","template":"","meta":{"Layout":""},"_links":{"self":[{"href":"https:\/\/www.zakud-kazup.hr\/index.php?rest_route=\/wp\/v2\/pages\/484"}],"collection":[{"href":"https:\/\/www.zakud-kazup.hr\/index.php?rest_route=\/wp\/v2\/pages"}],"about":[{"href":"https:\/\/www.zakud-kazup.hr\/index.php?rest_route=\/wp\/v2\/types\/page"}],"author":[{"embeddable":true,"href":"https:\/\/www.zakud-kazup.hr\/index.php?rest_route=\/wp\/v2\/users\/2"}],"replies":[{"embeddable":true,"href":"https:\/\/www.zakud-kazup.hr\/index.php?rest_route=%2Fwp%2Fv2%2Fcomments&post=484"}],"version-history":[{"count":8,"href":"https:\/\/www.zakud-kazup.hr\/index.php?rest_route=\/wp\/v2\/pages\/484\/revisions"}],"predecessor-version":[{"id":6796,"href":"https:\/\/www.zakud-kazup.hr\/index.php?rest_route=\/wp\/v2\/pages\/484\/revisions\/6796"}],"up":[{"embeddable":true,"href":"https:\/\/www.zakud-kazup.hr\/index.php?rest_route=\/wp\/v2\/pages\/171"}],"wp:attachment":[{"href":"https:\/\/www.zakud-kazup.hr\/index.php?rest_route=%2Fwp%2Fv2%2Fmedia&parent=484"}],"curies":[{"name":"wp","href":"https:\/\/api.w.org\/{rel}","templated":true}]}}