{"id":4816,"date":"2023-05-26T12:45:34","date_gmt":"2023-05-26T11:45:34","guid":{"rendered":"http:\/\/www.zakud-kazup.hr\/?page_id=4816"},"modified":"2024-01-11T10:27:47","modified_gmt":"2024-01-11T09:27:47","slug":"studio-za-plesnu-edukaciju-i-umjetnicko-stvaralastvo-studio-dvadesettri","status":"publish","type":"page","link":"https:\/\/www.zakud-kazup.hr\/?page_id=4816","title":{"rendered":"STUDIO ZA PLESNU EDUKACIJU I UMJETNI\u010cKO STVARALA\u0160TVO STUDIO DVADESETTRI"},"content":{"rendered":"\n<div class=\"wp-block-columns is-layout-flex wp-container-2\">\n<div class=\"wp-block-column is-layout-flow\"><\/div>\n<\/div>\n\n\n<div class=\"wp-block-image\">\n<figure class=\"aligncenter size-full is-resized\"><img decoding=\"async\" loading=\"lazy\" src=\"https:\/\/www.zakud-kazup.hr\/wp-content\/uploads\/2023\/06\/STUDIO-3.jpg\" alt=\"\" class=\"wp-image-5152\" width=\"501\" height=\"334\" srcset=\"https:\/\/www.zakud-kazup.hr\/wp-content\/uploads\/2023\/06\/STUDIO-3.jpg 720w, https:\/\/www.zakud-kazup.hr\/wp-content\/uploads\/2023\/06\/STUDIO-3-300x200.jpg 300w, https:\/\/www.zakud-kazup.hr\/wp-content\/uploads\/2023\/06\/STUDIO-3-150x100.jpg 150w, https:\/\/www.zakud-kazup.hr\/wp-content\/uploads\/2023\/06\/STUDIO-3-24x16.jpg 24w, https:\/\/www.zakud-kazup.hr\/wp-content\/uploads\/2023\/06\/STUDIO-3-36x24.jpg 36w, https:\/\/www.zakud-kazup.hr\/wp-content\/uploads\/2023\/06\/STUDIO-3-48x32.jpg 48w\" sizes=\"(max-width: 501px) 100vw, 501px\" \/><\/figure><\/div>\n\n\n<div class=\"wp-block-columns is-layout-flex wp-container-4\">\n<div class=\"wp-block-column is-layout-flow\"><\/div>\n<\/div>\n\n\n\n<p class=\"has-text-align-center\"><strong>Adresa:<\/strong> Jurja Haulika 24, 47000 karlovac<\/p>\n\n\n\n<p class=\"has-text-align-center\"><strong>E-mail adresa:&nbsp;<\/strong><a href=\"mailto:studio23.karlovac@gmail.com\">studio23.karlovac@gmail.com<\/a>&nbsp;<\/p>\n\n\n\n<p class=\"has-text-align-center\"><strong>OIB:<\/strong> 91144733933<\/p>\n\n\n\n<p class=\"has-text-align-center\"><strong>Osobe ovla\u0161tene za zastupanje:<\/strong><br>\u2022 Dina Turkalj, predsjednica, 091\/5245469<br>\u2022 Vera Mitrovi\u0107 Vrbanac, tajnica, 097\/7091757<\/p>\n\n\n\n<div class=\"wp-block-columns is-layout-flex wp-container-6\">\n<div class=\"wp-block-column is-layout-flow\"><\/div>\n<\/div>\n\n\n\n<p class=\"has-text-align-left\">Osnovan davne&nbsp;1988. godine, Studio 23&nbsp;najve\u0107i je plesni centar na podru\u010dju Karlova\u010dke \u017eupanije&nbsp;koji kroz ples i umjetnost svim nara\u0161tajima pru\u017ea nova znanja, vje\u0161tine i dobru zabavu. Kroz tri desetlje\u0107a neumornog djelovanja Studio 23 izrastao je od skromnih po\u010detaka do izuzetnih rezultata te danas obrazuje mnogobrojne plesa\u010de i koreografe koji vladaju plesnim podijima Lijepe Na\u0161e. Kroz to vrijeme&nbsp;preko sedam tisu\u0107a plesa\u010da&nbsp;do\u017eivjelo je radost plesa u Studiju 23.<\/p>\n\n\n\n<p class=\"has-text-align-left\">Ples je umjetnost, zabava i kultura,&nbsp;znati plesati odlika je kultiviranosti i elegancije. Izra\u017eavanje kroz ples jedna je od najstarijih ljudskih aktivnosti prepuna simbolike, posebno zanimljiva mladima koji&nbsp; tra\u017ee na\u010din kako izraziti svoju energiju i kreativnost.<\/p>\n\n\n\n<p class=\"has-text-align-left\">U Studiju 23 rije\u010d je jednoj skladnoj scenskoj harmoniji vi\u0161e vrsta umjetnosti. Djelatnosti Centra obuhva\u0107aju razne oblike izvedbenog stvarala\u0161tva, performanse i predstave, izlo\u017ebe i predavanja. Djeca vrti\u0107ke dobi, dje\u010daci i djevoj\u010dice kroz ples se u\u010de radu, eleganciji i ljepoti, sklapaju nova prijateljstva, a uz to se izvrsno zabavljaju.<\/p>\n\n\n\n<p class=\"has-text-align-left\">Centar je pokrenuo i edukativne plesne programe za djecu u Ozlju i Dugoj Resi koji su izvrsno prihva\u0107eni od strane roditelja i malih plesa\u010da.<\/p>\n\n\n\n<p class=\"has-text-align-left\">Potvr\u0111uju\u0107i svoju izvrsnost, Studio sura\u0111uje s velikim brojem kulturnih institucija, umjetnika i stru\u010dnjaka s me\u0111unarodnim iskustvom. Brojna doga\u0111anja, radionice i natjecanja pru\u017eaju mladima mogu\u0107nost kreativnog izra\u017eavanja koja im u dana\u0161njem u\u017eurbanom svijetu \u010desto nedostaje.<\/p>\n\n\n\n<p class=\"has-text-align-left\">Brojni su programi koji Vas i Va\u0161e najmla\u0111e \u010dekaju u Studiju 23. Osnove plesa mali\u0161ani u\u010de kroz&nbsp;plesnu igraonicu, a tu su, izme\u0111u ostalih, jo\u0161 i&nbsp;jazz dance &amp; suvremene tehnike plesa&nbsp;te&nbsp;pilates&nbsp;i&nbsp;dance fitness za plesa\u010de i rekreativce. Kretanje u ravnote\u017ei jedinstvena je plesna tjelovje\u017eba za odrasle koja pobolj\u0161ava koordinaciju i agilnost te ja\u010da i oblikuje muskulaturu. Vikendima \u010dlanovi Studija mogu koristiti&nbsp;dodatne animacijske programe za djecu&nbsp;koji su koncipirani kao&nbsp;kostimirani plesni programi, a odu\u0161evit \u0107e svakog mali\u0161ana.<\/p>\n\n\n\n<p class=\"has-text-align-left\">Izvrsnost i obrazovanost voditelja na prvome su mjestu kako bi plesne produkcije Va\u0161ih mali\u0161ana, ali i onih starijih nara\u0161taja bile savr\u0161ene. Upravo je tome posve\u0107ena najve\u0107a pozornost.&nbsp;Potvrda tome su brojne nagrade koje karlova\u010dki plesa\u010di osvajaju diljem Lijepe Na\u0161e, predstavljaju\u0107i svoj grad na najljep\u0161i na\u010din, kao grad kulture, elegancije i dobre zabave.<\/p>\n\n\n\n<p class=\"has-text-align-left\"><\/p>\n","protected":false},"excerpt":{"rendered":"<p>Adresa: Jurja Haulika 24, 47000 karlovac E-mail adresa:&nbsp;studio23.karlovac@gmail.com&nbsp; OIB: 91144733933 Osobe ovla\u0161tene za zastupanje:\u2022 Dina Turkalj, predsjednica, 091\/5245469\u2022 Vera Mitrovi\u0107 Vrbanac, tajnica, 097\/7091757 Osnovan davne&nbsp;1988. godine, Studio 23&nbsp;najve\u0107i je plesni <a href=\"https:\/\/www.zakud-kazup.hr\/?page_id=4816\" class=\"more-link\">[&hellip;]<\/a><\/p>\n","protected":false},"author":1,"featured_media":0,"parent":0,"menu_order":0,"comment_status":"closed","ping_status":"closed","template":"","meta":{"Layout":""},"_links":{"self":[{"href":"https:\/\/www.zakud-kazup.hr\/index.php?rest_route=\/wp\/v2\/pages\/4816"}],"collection":[{"href":"https:\/\/www.zakud-kazup.hr\/index.php?rest_route=\/wp\/v2\/pages"}],"about":[{"href":"https:\/\/www.zakud-kazup.hr\/index.php?rest_route=\/wp\/v2\/types\/page"}],"author":[{"embeddable":true,"href":"https:\/\/www.zakud-kazup.hr\/index.php?rest_route=\/wp\/v2\/users\/1"}],"replies":[{"embeddable":true,"href":"https:\/\/www.zakud-kazup.hr\/index.php?rest_route=%2Fwp%2Fv2%2Fcomments&post=4816"}],"version-history":[{"count":18,"href":"https:\/\/www.zakud-kazup.hr\/index.php?rest_route=\/wp\/v2\/pages\/4816\/revisions"}],"predecessor-version":[{"id":6198,"href":"https:\/\/www.zakud-kazup.hr\/index.php?rest_route=\/wp\/v2\/pages\/4816\/revisions\/6198"}],"wp:attachment":[{"href":"https:\/\/www.zakud-kazup.hr\/index.php?rest_route=%2Fwp%2Fv2%2Fmedia&parent=4816"}],"curies":[{"name":"wp","href":"https:\/\/api.w.org\/{rel}","templated":true}]}}