{"id":481,"date":"2015-04-17T13:22:07","date_gmt":"2015-04-17T12:22:07","guid":{"rendered":"http:\/\/www.zakud-kazup.hr\/?page_id=481"},"modified":"2024-08-12T13:21:11","modified_gmt":"2024-08-12T12:21:11","slug":"orpheus-udruga-za-poticanje-kulture","status":"publish","type":"page","link":"https:\/\/www.zakud-kazup.hr\/?page_id=481","title":{"rendered":"UDRUGA ZA POTICANJE KULTURE &#8220;ORPHEUS&#8221;"},"content":{"rendered":"\n<div class=\"wp-block-columns is-layout-flex wp-container-2\">\n<div class=\"wp-block-column is-layout-flow\"><\/div>\n<\/div>\n\n\n<div class=\"wp-block-image\">\n<figure class=\"aligncenter is-resized\"><a href=\"https:\/\/www.zakud-kazup.hr\/wp-content\/uploads\/2015\/04\/orpheus.jpg\"><img decoding=\"async\" loading=\"lazy\" src=\"https:\/\/www.zakud-kazup.hr\/wp-content\/uploads\/2015\/04\/orpheus-300x100.jpg\" alt=\"orpheus\" class=\"wp-image-478\" width=\"558\" height=\"186\" srcset=\"https:\/\/www.zakud-kazup.hr\/wp-content\/uploads\/2015\/04\/orpheus-300x100.jpg 300w, https:\/\/www.zakud-kazup.hr\/wp-content\/uploads\/2015\/04\/orpheus-24x8.jpg 24w, https:\/\/www.zakud-kazup.hr\/wp-content\/uploads\/2015\/04\/orpheus-36x12.jpg 36w, https:\/\/www.zakud-kazup.hr\/wp-content\/uploads\/2015\/04\/orpheus-48x16.jpg 48w, https:\/\/www.zakud-kazup.hr\/wp-content\/uploads\/2015\/04\/orpheus.jpg 420w\" sizes=\"(max-width: 558px) 100vw, 558px\" \/><\/a><\/figure><\/div>\n\n\n<div class=\"wp-block-columns is-layout-flex wp-container-4\">\n<div class=\"wp-block-column is-layout-flow\"><\/div>\n<\/div>\n\n\n\n<p class=\"has-text-align-center\"><strong>Adresa:<\/strong> Preradovi\u0107eva 6, 47000 Karlovac<\/p>\n\n\n\n<p class=\"has-text-align-center\"><strong>Ime i prezime predsjednika udruge sa kontaktom:<\/strong> GORAN ILI\u0106,&nbsp;092\/122-6592<b><\/b><\/p>\n\n\n\n<p class=\"has-text-align-center\"><strong>Ime i prezime tajnika udruge:<\/strong><b> \/<\/b><\/p>\n\n\n\n<p class=\"has-text-align-center\"><strong>Broj \u010dlanova udruge:<\/strong><b> \/<\/b><\/p>\n\n\n\n<p class=\"has-text-align-center\"><strong>E-mail adresa:<\/strong><b>&nbsp;<\/b><span style=\"color: #333333;\">udruga.orpheus@gmail.com<\/span><b><\/b><\/p>\n\n\n\n<p class=\"has-text-align-center\"><strong>OIB udruge:<\/strong> 47446045536<\/p>\n\n\n\n<div class=\"wp-block-columns is-layout-flex wp-container-6\">\n<div class=\"wp-block-column is-layout-flow\"><\/div>\n<\/div>\n\n\n\n<p class=\"has-text-align-left\">Udruga Orpheus osnovana je po\u010detkom 2009. godine kao organizacija javnih kulturnih priredbi gdje se predstavljaju svi vidovi umjetnosti. Udruga organizira kulturne manifestacije, u suradnji sa odgovaraju\u0107im institucijama provodi radionice i te\u010dajeve, organizira natjecanja mladih umjetnika na lokalnom i dr\u017eavnom nivou, poma\u017ee u organiziranju slobodnog vremena mladih, a bavi se i neformalnom edukacijom.<\/p>\n\n\n\n<p class=\"has-text-align-left\">Cilj akcija i djelovanja Udruge Orpheus jest upotpuniti kulturnu ponudu prvenstveno u gradu Karlovcu, a onda i u drugim sredinama, te neformalnom edukacijom mladima i svima zainteresiranima pru\u017eiti kvalitetne i stru\u010dne informacije.<\/p>\n\n\n\n<p class=\"has-text-align-left\">Ve\u0107 8 godina Orpheus organizira Me\u0111unarodni etno jazz festival \u2013 Karlovac, a od ostalih aktivnosti mogu se istaknuti te\u010dajevi gitare i bas gitare te seminari i radionice iz podru\u010dja glazbe, ali i drugih vidova kulture.<\/p>\n","protected":false},"excerpt":{"rendered":"<p>Adresa: Preradovi\u0107eva 6, 47000 Karlovac Ime i prezime predsjednika udruge sa kontaktom: GORAN ILI\u0106,&nbsp;092\/122-6592 Ime i prezime tajnika udruge: \/ Broj \u010dlanova udruge: \/ E-mail adresa:&nbsp;udruga.orpheus@gmail.com OIB udruge: 47446045536 Udruga <a href=\"https:\/\/www.zakud-kazup.hr\/?page_id=481\" class=\"more-link\">[&hellip;]<\/a><\/p>\n","protected":false},"author":2,"featured_media":0,"parent":151,"menu_order":0,"comment_status":"closed","ping_status":"closed","template":"","meta":{"Layout":""},"_links":{"self":[{"href":"https:\/\/www.zakud-kazup.hr\/index.php?rest_route=\/wp\/v2\/pages\/481"}],"collection":[{"href":"https:\/\/www.zakud-kazup.hr\/index.php?rest_route=\/wp\/v2\/pages"}],"about":[{"href":"https:\/\/www.zakud-kazup.hr\/index.php?rest_route=\/wp\/v2\/types\/page"}],"author":[{"embeddable":true,"href":"https:\/\/www.zakud-kazup.hr\/index.php?rest_route=\/wp\/v2\/users\/2"}],"replies":[{"embeddable":true,"href":"https:\/\/www.zakud-kazup.hr\/index.php?rest_route=%2Fwp%2Fv2%2Fcomments&post=481"}],"version-history":[{"count":11,"href":"https:\/\/www.zakud-kazup.hr\/index.php?rest_route=\/wp\/v2\/pages\/481\/revisions"}],"predecessor-version":[{"id":6762,"href":"https:\/\/www.zakud-kazup.hr\/index.php?rest_route=\/wp\/v2\/pages\/481\/revisions\/6762"}],"up":[{"embeddable":true,"href":"https:\/\/www.zakud-kazup.hr\/index.php?rest_route=\/wp\/v2\/pages\/151"}],"wp:attachment":[{"href":"https:\/\/www.zakud-kazup.hr\/index.php?rest_route=%2Fwp%2Fv2%2Fmedia&parent=481"}],"curies":[{"name":"wp","href":"https:\/\/api.w.org\/{rel}","templated":true}]}}