{"id":461,"date":"2015-03-13T10:12:58","date_gmt":"2015-03-13T09:12:58","guid":{"rendered":"http:\/\/www.zakud-kazup.hr\/?page_id=461"},"modified":"2025-09-05T07:30:17","modified_gmt":"2025-09-05T06:30:17","slug":"glumacka-druzina-dula","status":"publish","type":"page","link":"https:\/\/www.zakud-kazup.hr\/?page_id=461","title":{"rendered":"GLUMA\u010cKA DRU\u017dINA &#8220;\u0110ULA&#8221;"},"content":{"rendered":"\n<div class=\"wp-block-columns is-layout-flex wp-container-2\">\n<div class=\"wp-block-column is-layout-flow\"><\/div>\n<\/div>\n\n\n<div class=\"wp-block-image\">\n<figure class=\"aligncenter size-large is-resized\"><img decoding=\"async\" loading=\"lazy\" src=\"https:\/\/www.zakud-kazup.hr\/wp-content\/uploads\/2024\/01\/DULA-1024x705.jpg\" alt=\"\" class=\"wp-image-6223\" width=\"512\" height=\"353\" srcset=\"https:\/\/www.zakud-kazup.hr\/wp-content\/uploads\/2024\/01\/DULA-1024x705.jpg 1024w, https:\/\/www.zakud-kazup.hr\/wp-content\/uploads\/2024\/01\/DULA-300x207.jpg 300w, https:\/\/www.zakud-kazup.hr\/wp-content\/uploads\/2024\/01\/DULA-150x103.jpg 150w, https:\/\/www.zakud-kazup.hr\/wp-content\/uploads\/2024\/01\/DULA-24x17.jpg 24w, https:\/\/www.zakud-kazup.hr\/wp-content\/uploads\/2024\/01\/DULA-36x25.jpg 36w, https:\/\/www.zakud-kazup.hr\/wp-content\/uploads\/2024\/01\/DULA-48x33.jpg 48w, https:\/\/www.zakud-kazup.hr\/wp-content\/uploads\/2024\/01\/DULA.jpg 1440w\" sizes=\"(max-width: 512px) 100vw, 512px\" \/><\/figure><\/div>\n\n\n<div class=\"wp-block-columns is-layout-flex wp-container-4\">\n<div class=\"wp-block-column is-layout-flow\"><\/div>\n<\/div>\n\n\n\n<p class=\"has-text-align-center\"><strong>Adresa:<\/strong> Bernardina Frankopana 2, 47300 Ogulin<\/p>\n\n\n\n<p class=\"has-text-align-center\"><strong>Ime i prezime predsjednika udruge sa kontaktom:<\/strong> GLORIJA DOMITROVI\u0106, 098\/597-947<\/p>\n\n\n\n<p class=\"has-text-align-center\"><strong>Broj \u010dlanova udruge:<\/strong>&nbsp;20<\/p>\n\n\n\n<p class=\"has-text-align-center\"><strong>E-mail adresa:<\/strong><b>&nbsp;<\/b>gloristar@gmail.com<\/p>\n\n\n\n<p class=\"has-text-align-center\"><strong>OIB udruge:<\/strong> 33415818456<\/p>\n\n\n\n<div class=\"wp-block-columns is-layout-flex wp-container-6\">\n<div class=\"wp-block-column is-layout-flow\"><\/div>\n<\/div>\n\n\n\n<p class=\"has-text-align-left\">Gluma\u010dka dru\u017eina \u201e\u0110ula\u201c osnovana je 2004. godine sa \u017eeljom da obnovi kazali\u0161ni amaterizam koji je aktivno djelovao u Ogulinu do 80-tih godina pro\u0161log stolje\u0107a. Prvotno nazvana \u201e\u0110ulini cukrli\u201c, udruga je sudjelovala u nizu projekata, \u0161to samostalnih, \u0161to u suradnji sa Pu\u010dkim otvorenim u\u010dili\u0161tem u Ogulinu i Ogulinskim festivalom bajke. Tako\u0111er, u svome radu Udruga je sura\u0111ivala sa mnogim glumcima i redateljima \u2013 profesionalcima.<\/p>\n\n\n\n<p class=\"has-text-align-left\">Publiku je osvojila predstavom \u201eZulejka\u201c koja je nastala u suradnji gluma\u010dke dru\u017eine \u201e\u0110ula\u201c sa Pu\u010dkim otvorenim u\u010dili\u0161tem Ogulin. Na repertoaru dru\u017eine nalaze se i predstave: \u201eCoprnjice i coprnjaci\u201c, \u201eDjevojka iz jezera\u201c, \u201e\u010cetiri godi\u0161nja doba\u201c, \u201eGospo\u0111a Horvat mora nestati\u201c i \u201eLaku no\u0107, majko\u201c.<\/p>\n\n\n\n<p class=\"has-text-align-left\">Predstavu \u201eJagor\u201c, nastalu prema tekstu Ivane Brli\u0107 Ma\u017eurani\u0107 u koprodukciji sa Ogulinskim festivalom bajke, izveli su \u010dak i u inozemstvu.<\/p>\n\n\n\n<p class=\"has-text-align-left\">Gluma\u010dka dru\u017eina \u201e\u0110ula\u201c izvodi i program za djecu, kojeg \u010dine dje\u010dje predstave \u201eSnjeguljica i sedam patuljaka\u201c, \u201eCrvenkapica\u201c, \u201eZima zimi zimom zebe\u201c, ambijentalni performans na \u0160mitovom jezeru pod nazivom \u201eU vilinskim dvorima\u201c, \u201e\u010carobnjak iz Oza\u201c i dr.<\/p>\n","protected":false},"excerpt":{"rendered":"<p>Adresa: Bernardina Frankopana 2, 47300 Ogulin Ime i prezime predsjednika udruge sa kontaktom: GLORIJA DOMITROVI\u0106, 098\/597-947 Broj \u010dlanova udruge:&nbsp;20 E-mail adresa:&nbsp;gloristar@gmail.com OIB udruge: 33415818456 Gluma\u010dka dru\u017eina \u201e\u0110ula\u201c osnovana je 2004. <a href=\"https:\/\/www.zakud-kazup.hr\/?page_id=461\" class=\"more-link\">[&hellip;]<\/a><\/p>\n","protected":false},"author":2,"featured_media":0,"parent":6343,"menu_order":0,"comment_status":"closed","ping_status":"closed","template":"","meta":{"Layout":""},"_links":{"self":[{"href":"https:\/\/www.zakud-kazup.hr\/index.php?rest_route=\/wp\/v2\/pages\/461"}],"collection":[{"href":"https:\/\/www.zakud-kazup.hr\/index.php?rest_route=\/wp\/v2\/pages"}],"about":[{"href":"https:\/\/www.zakud-kazup.hr\/index.php?rest_route=\/wp\/v2\/types\/page"}],"author":[{"embeddable":true,"href":"https:\/\/www.zakud-kazup.hr\/index.php?rest_route=\/wp\/v2\/users\/2"}],"replies":[{"embeddable":true,"href":"https:\/\/www.zakud-kazup.hr\/index.php?rest_route=%2Fwp%2Fv2%2Fcomments&post=461"}],"version-history":[{"count":10,"href":"https:\/\/www.zakud-kazup.hr\/index.php?rest_route=\/wp\/v2\/pages\/461\/revisions"}],"predecessor-version":[{"id":6752,"href":"https:\/\/www.zakud-kazup.hr\/index.php?rest_route=\/wp\/v2\/pages\/461\/revisions\/6752"}],"up":[{"embeddable":true,"href":"https:\/\/www.zakud-kazup.hr\/index.php?rest_route=\/wp\/v2\/pages\/6343"}],"wp:attachment":[{"href":"https:\/\/www.zakud-kazup.hr\/index.php?rest_route=%2Fwp%2Fv2%2Fmedia&parent=461"}],"curies":[{"name":"wp","href":"https:\/\/api.w.org\/{rel}","templated":true}]}}