{"id":457,"date":"2015-03-13T09:56:15","date_gmt":"2015-03-13T08:56:15","guid":{"rendered":"http:\/\/www.zakud-kazup.hr\/?page_id=457"},"modified":"2024-08-12T11:16:24","modified_gmt":"2024-08-12T10:16:24","slug":"chorus-carolostadien","status":"publish","type":"page","link":"https:\/\/www.zakud-kazup.hr\/?page_id=457","title":{"rendered":"CHORUS &#8220;CAROLOSTADIEN&#8221;"},"content":{"rendered":"\n<div class=\"wp-block-columns is-layout-flex wp-container-2\">\n<div class=\"wp-block-column is-layout-flow\"><\/div>\n<\/div>\n\n\n\n<div class=\"wp-block-columns is-layout-flex wp-container-8\">\n<div class=\"wp-block-column is-layout-flow\" style=\"flex-basis:100%\"><div class=\"wp-block-image\">\n<figure class=\"aligncenter is-resized\"><img decoding=\"async\" loading=\"lazy\" src=\"https:\/\/www.zakud-kazup.hr\/wp-content\/uploads\/2015\/03\/Lisinski8-300x200.jpg\" alt=\"Lisinski8\" class=\"wp-image-458\" width=\"486\" height=\"324\" srcset=\"https:\/\/www.zakud-kazup.hr\/wp-content\/uploads\/2015\/03\/Lisinski8-300x200.jpg 300w, https:\/\/www.zakud-kazup.hr\/wp-content\/uploads\/2015\/03\/Lisinski8-24x16.jpg 24w, https:\/\/www.zakud-kazup.hr\/wp-content\/uploads\/2015\/03\/Lisinski8-36x24.jpg 36w, https:\/\/www.zakud-kazup.hr\/wp-content\/uploads\/2015\/03\/Lisinski8-48x32.jpg 48w, https:\/\/www.zakud-kazup.hr\/wp-content\/uploads\/2015\/03\/Lisinski8.jpg 960w\" sizes=\"(max-width: 486px) 100vw, 486px\" \/><\/figure><\/div>\n\n\n<div class=\"wp-block-columns is-layout-flex wp-container-4\">\n<div class=\"wp-block-column is-layout-flow\"><\/div>\n<\/div>\n\n\n\n<p class=\"has-text-align-center\"><strong>Adresa: <\/strong>Gunduli\u0107eva 8, &nbsp;47000 Karlovac<\/p>\n\n\n\n<p class=\"has-text-align-center\"><strong>Ime i prezime predsjednice udruge s kontaktom:<\/strong> GORDANA KIRIN\u010cI\u0106, 098\/900-9214<\/p>\n\n\n\n<p class=\"has-text-align-center\"><strong>Ime i prezime tajnika udruge: <\/strong>HELENA KRVARI\u0106<\/p>\n\n\n\n<p class=\"has-text-align-center\"><strong>Broj \u010dlanova udruge:<\/strong> 42<\/p>\n\n\n\n<p class=\"has-text-align-center\"><strong>E-mail adresa:<\/strong><b>\u00a0<\/b><span style=\"color: #333333;\">chorus.carolostadien@gmail.com<\/span> \/ ggkiri@gmail.com<\/p>\n\n\n\n<p class=\"has-text-align-center\"><strong>OIB udruge:<\/strong> 86602143636<\/p>\n\n\n\n<div class=\"wp-block-columns is-layout-flex wp-container-6\">\n<div class=\"wp-block-column is-layout-flow\"><\/div>\n<\/div>\n\n\n\n<p class=\"has-text-align-left\">Chorus \u201eCarolostadien\u201c je mje\u0161oviti pjeva\u010dki zbor osnovan 13.11.1998. u Karlovcu. Djelatnost Zbora zasnovana je na njegovanju zborske glazbe i izvo\u0111enju umjetni\u010dki vrijednih djela hrvatskih i europskih skladatelja, s ciljem podizanja glazbene kulture i preno\u0161enja kulturnih tradicija na mla\u0111e generacije, posebice tradiciju zborskog pjevanja.<\/p>\n\n\n\n<p class=\"has-text-align-left\">Repertoar Zbora obuhva\u0107a sakralna i svjetovna djela od renesanse do 21. stolje\u0107a.<\/p>\n\n\n\n<p class=\"has-text-align-left\">Prvi dirigent zbora \u201eCarolostadien\u201c bio je Aleksandar Radivojevi\u0107, kojeg 2004. naslje\u0111uje Marko Skorin. Njegovo mjesto 2009. zauzima Marijan Tucakovi\u0107, a od prolje\u0107a 2014. Zborom ravna Alan Klaji\u0107.<\/p>\n\n\n\n<p class=\"has-text-align-left\">Tijekom svoga djelovanja \u201eCarolostadien\u201c je osvojio velik broj nagrada i priznanja koja potvr\u0111uju velik uspjeh, zalaganje i kvalitetu ovoga zbora. Za promicanje glazbene kulture na podru\u010dju grada Karlovca, Republike Hrvatske i u inozemstvu, Zbor je dobio najve\u0107e priznanje povodom Dana grada Karlovca &#8211; plaketu i nov\u010danu nagradu. Prilikom sudjelovanja na Svjetskim zborskim igrama u Grazu (Olimpijada zborova) 2008. osvojio je zlatnu medalju u konkurenciji folklorne glazbe te srebrnu plaketu u kategoriji komornih zborova. U 2012. na svjetskom natjecanju zborova u \u0160panjolskoj \u201eCarolostadien\u201c osvaja dvije srebrne medalje u dvije razli\u010dite kategorije<\/p>\n\n\n\n<p class=\"has-text-align-left\">U 2011., 2012. i 2013. godini Zbor se mo\u017ee pohvaliti srebrnim plaketama na&nbsp; festivalima&nbsp; pjeva\u010dkih zborova u Zagrebu.<\/p>\n\n\n\n<p class=\"has-text-align-left\">Uz brojna gostovanja u Hrvatskoj te na me\u0111unarodnim natjecanjima \u0161irom Europe osvojio je ukupno tri zlatna, tri srebrna i jedno bron\u010dano odli\u010dje, te jedan Grand Prix natjecanja. Stoga je opravdano re\u0107i da zbor \u201eCarolostadien\u201c ve\u0107 11 godina za redom uspje\u0161no predstavlja Karlova\u010dku \u017eupaniju na susretima zborova u organizaciji Hrvatskog sabora kulture i drugim manifestacijama na kojima sudjeluje.<\/p>\n<\/div>\n<\/div>\n","protected":false},"excerpt":{"rendered":"<p>Adresa: Gunduli\u0107eva 8, &nbsp;47000 Karlovac Ime i prezime predsjednice udruge s kontaktom: GORDANA KIRIN\u010cI\u0106, 098\/900-9214 Ime i prezime tajnika udruge: HELENA KRVARI\u0106 Broj \u010dlanova udruge: 42 E-mail adresa:\u00a0chorus.carolostadien@gmail.com \/ ggkiri@gmail.com <a href=\"https:\/\/www.zakud-kazup.hr\/?page_id=457\" class=\"more-link\">[&hellip;]<\/a><\/p>\n","protected":false},"author":2,"featured_media":0,"parent":177,"menu_order":0,"comment_status":"closed","ping_status":"closed","template":"","meta":{"Layout":""},"_links":{"self":[{"href":"https:\/\/www.zakud-kazup.hr\/index.php?rest_route=\/wp\/v2\/pages\/457"}],"collection":[{"href":"https:\/\/www.zakud-kazup.hr\/index.php?rest_route=\/wp\/v2\/pages"}],"about":[{"href":"https:\/\/www.zakud-kazup.hr\/index.php?rest_route=\/wp\/v2\/types\/page"}],"author":[{"embeddable":true,"href":"https:\/\/www.zakud-kazup.hr\/index.php?rest_route=\/wp\/v2\/users\/2"}],"replies":[{"embeddable":true,"href":"https:\/\/www.zakud-kazup.hr\/index.php?rest_route=%2Fwp%2Fv2%2Fcomments&post=457"}],"version-history":[{"count":17,"href":"https:\/\/www.zakud-kazup.hr\/index.php?rest_route=\/wp\/v2\/pages\/457\/revisions"}],"predecessor-version":[{"id":6749,"href":"https:\/\/www.zakud-kazup.hr\/index.php?rest_route=\/wp\/v2\/pages\/457\/revisions\/6749"}],"up":[{"embeddable":true,"href":"https:\/\/www.zakud-kazup.hr\/index.php?rest_route=\/wp\/v2\/pages\/177"}],"wp:attachment":[{"href":"https:\/\/www.zakud-kazup.hr\/index.php?rest_route=%2Fwp%2Fv2%2Fmedia&parent=457"}],"curies":[{"name":"wp","href":"https:\/\/api.w.org\/{rel}","templated":true}]}}