{"id":453,"date":"2015-03-13T09:48:15","date_gmt":"2015-03-13T08:48:15","guid":{"rendered":"http:\/\/www.zakud-kazup.hr\/?page_id=453"},"modified":"2024-01-15T13:48:25","modified_gmt":"2024-01-15T12:48:25","slug":"puhacki-orkestar-dvd-a-ogulin","status":"publish","type":"page","link":"https:\/\/www.zakud-kazup.hr\/?page_id=453","title":{"rendered":"PUHA\u010cKI ORKESTAR DVD-a OGULIN"},"content":{"rendered":"\n<div class=\"wp-block-columns is-layout-flex wp-container-2\">\n<div class=\"wp-block-column is-layout-flow\"><\/div>\n<\/div>\n\n\n<div class=\"wp-block-image\">\n<figure class=\"aligncenter is-resized\"><img decoding=\"async\" loading=\"lazy\" src=\"https:\/\/www.zakud-kazup.hr\/wp-content\/uploads\/2015\/03\/1009872_468733613219570_46790518_n-300x200.jpg\" alt=\"1009872_468733613219570_46790518_n\" class=\"wp-image-454\" width=\"483\" height=\"322\" srcset=\"https:\/\/www.zakud-kazup.hr\/wp-content\/uploads\/2015\/03\/1009872_468733613219570_46790518_n-300x200.jpg 300w, https:\/\/www.zakud-kazup.hr\/wp-content\/uploads\/2015\/03\/1009872_468733613219570_46790518_n-24x16.jpg 24w, https:\/\/www.zakud-kazup.hr\/wp-content\/uploads\/2015\/03\/1009872_468733613219570_46790518_n-36x24.jpg 36w, https:\/\/www.zakud-kazup.hr\/wp-content\/uploads\/2015\/03\/1009872_468733613219570_46790518_n-48x32.jpg 48w, https:\/\/www.zakud-kazup.hr\/wp-content\/uploads\/2015\/03\/1009872_468733613219570_46790518_n.jpg 960w\" sizes=\"(max-width: 483px) 100vw, 483px\" \/><\/figure><\/div>\n\n\n<div class=\"wp-block-columns is-layout-flex wp-container-4\">\n<div class=\"wp-block-column is-layout-flow\"><\/div>\n<\/div>\n\n\n\n<p class=\"has-text-align-center\"><strong>Adresa:<\/strong> Bernardina Frankopana 18, 47300 Ogulin<\/p>\n\n\n\n<p class=\"has-text-align-center\"><strong>Ime i prezime voditelja orkestra s kontaktom:<\/strong> VLADO ANGELOV, 098 331 472<\/p>\n\n\n\n<p class=\"has-text-align-center\"><strong>Ime i prezime dirigenta orkestra:\u00a0<\/strong>IVAN MASTEN<\/p>\n\n\n\n<p class=\"has-text-align-center\"><strong>E-mail adresa:<\/strong><b>\u00a0<\/b>orkestar.ogulin@gmail.com<\/p>\n\n\n\n<p class=\"has-text-align-center\"><strong>Broj \u010dlanova udruge:<\/strong> 33<\/p>\n\n\n\n<p class=\"has-text-align-center\"><strong>OIB udruge:<\/strong> 69078721288<\/p>\n\n\n\n<div class=\"wp-block-columns is-layout-flex wp-container-6\">\n<div class=\"wp-block-column is-layout-flow\"><\/div>\n<\/div>\n\n\n\n<p class=\"has-text-align-left\">Puha\u010dki orkestar DVD-a Ogulin je glazbena sekcija Dobrovoljnog vatrogasnog dru\u0161tva Ogulin, a nastao je s ciljem poticanja, pomaganja i razvijanja amaterskog bavljenja glazbom. Puha\u010dki orkestar djeluje u okviru DVD-a Ogulin ve\u0107 vi\u0161e od 140 godina i neizostavni je dio glazbenog i kulturnog identiteta grada Ogulina.<\/p>\n\n\n\n<p class=\"has-text-align-left\">Zbog nedostatka dokumentacije ne mo\u017ee se to\u010dno utvrditi od kada djeluje organizirano bavljenje skupnom limenom glazbom u Ogulinu, ali postoji mogu\u0107nost da je limena glazba i starija od DVD-a, jer je Ogulin kao sjedi\u0161te 3. ogulinske pukovnije imao vojnu glazbu.<\/p>\n\n\n\n<p class=\"has-text-align-left\">Nakon mnogobrojnih ratnih i povijesnih previranja, tijekom kojih su se izmjenjivali \u010dlanovi i voditelji Orkestra, u sije\u010dnju 1975. godine za dirigenta i stru\u010dnog voditelja postavljen je Marijan Geri\u0107. Geri\u0107 je bio jedan od osniva\u010da ni\u017ee glazbene \u0161kole u Ogulinu i njen prvi nastavnik. Svojim dolaskom okuplja&nbsp;sve glazbenike koji su nekad svirali i stvara glazbeni podmladak. U razdoblju od nekoliko slijede\u0107ih godina orkestar je postigao zavidne rezultate. Repertoar je osuvremenjen, stvorena je notna arhiva, nabavljeni su novi instrumenti i kupljene odore. Glazbenici su kona\u010dno, izgradnjom novog doma, dobili svoje prostorije i dvoranu za probe, \u0161to je oduvijek bila najve\u0107a \u017eelja svih generacija glazbenika. Ogulinski glazbenici u to vrijeme sudjeluju na raznim smotrama van Ogulina, a imali su i zapa\u017een nastup na televiziji i na taj na\u010din propagirali amatersko kulturno stvarala\u0161tvo Ogulina.<\/p>\n\n\n\n<p class=\"has-text-align-left\">Usprkos uklju\u010denju ve\u0107ine \u010dlanova u obranu domovine i zamrznutom djelovanju DVD-a od 1991. do 1994., orkestar je i dalje odr\u017eavao dovoljan broj proba za najva\u017enije nastupe. Dobar dio nastupa odnosi se na sahrane hrvatskih branitelja koje su se svirale bez naknade, a dio prihoda od ostalih sahrana poklonjen je djeci i obiteljima poginulih branitelja.<\/p>\n\n\n\n<p class=\"has-text-align-left\">Nakon Domovinskog rata Orkestar nastavlja normalan rad sudjelovanjem na svim va\u017enijim doga\u0111ajima u gradu te na \u017eupanijskim i dr\u017eavnim smotrama, odr\u017eavanjem tradicionalnih Bo\u017ei\u0107nih koncerata, suradnjom sa Ogulinskim ma\u017eoretkinjama na njihovim natjecanjima, a pod nazivom \u201eOgulinski coprnjaki\u201c sudjeluju na ma\u0161karadama u Ogulinu, Samoboru, Opatiji, Cerknici, \u010capljini i drugdje.<\/p>\n\n\n\n<p class=\"has-text-align-left\">U rujnu 1998. godine na sve\u010danoj sjednici povodom 125. obljetnice DVD-a Ogulin predstavnik Hrvatskog sabora kulture predao je Puha\u010dkom orkestru DVD-a Ogulin zlatnu povelju za izuzetna dostignu\u0107a na podru\u010dju kulturnog-umjetni\u010dkog amaterizma i oboga\u0107ivanju hrvatske kulture.<\/p>\n\n\n\n<p class=\"has-text-align-left\">Marijan Geri\u0107 ostaje na \u010delu orkestra do umirovljenja 2012. godine kada brigu o glazbi preuzima Savjet orkestra sastavljen od nekoliko upornih glazbenika, koji su ostali u orkestru nakon osipanja \u010dlanstva posljednjih godina, ustrajni u ideji odr\u017eanja i o\u010duvanja prebogate glazbene tradicije. Savjet orkestra anga\u017eirao je prof. Romana Hantiha za umjetni\u010dko vo\u0111enje orkestra, intenzivirao rad i probe, te o\u017eivio interni glazbeni te\u010daj koji vrlo brzo daje rezultate. Prof. Hantih na obostranu \u017ealost zbog poslovnih obaveza napu\u0161ta orkestar u o\u017eujku 2013. a na njegovo mjesto dolazi prof. Ivan Masten koji nastavlja dobar rad na unaprje\u0111enju kvalitete orkestra.<\/p>\n","protected":false},"excerpt":{"rendered":"<p>Adresa: Bernardina Frankopana 18, 47300 Ogulin Ime i prezime voditelja orkestra s kontaktom: VLADO ANGELOV, 098 331 472 Ime i prezime dirigenta orkestra:\u00a0IVAN MASTEN E-mail adresa:\u00a0orkestar.ogulin@gmail.com Broj \u010dlanova udruge: 33 <a href=\"https:\/\/www.zakud-kazup.hr\/?page_id=453\" class=\"more-link\">[&hellip;]<\/a><\/p>\n","protected":false},"author":2,"featured_media":0,"parent":147,"menu_order":0,"comment_status":"closed","ping_status":"closed","template":"","meta":{"Layout":""},"_links":{"self":[{"href":"https:\/\/www.zakud-kazup.hr\/index.php?rest_route=\/wp\/v2\/pages\/453"}],"collection":[{"href":"https:\/\/www.zakud-kazup.hr\/index.php?rest_route=\/wp\/v2\/pages"}],"about":[{"href":"https:\/\/www.zakud-kazup.hr\/index.php?rest_route=\/wp\/v2\/types\/page"}],"author":[{"embeddable":true,"href":"https:\/\/www.zakud-kazup.hr\/index.php?rest_route=\/wp\/v2\/users\/2"}],"replies":[{"embeddable":true,"href":"https:\/\/www.zakud-kazup.hr\/index.php?rest_route=%2Fwp%2Fv2%2Fcomments&post=453"}],"version-history":[{"count":6,"href":"https:\/\/www.zakud-kazup.hr\/index.php?rest_route=\/wp\/v2\/pages\/453\/revisions"}],"predecessor-version":[{"id":6310,"href":"https:\/\/www.zakud-kazup.hr\/index.php?rest_route=\/wp\/v2\/pages\/453\/revisions\/6310"}],"up":[{"embeddable":true,"href":"https:\/\/www.zakud-kazup.hr\/index.php?rest_route=\/wp\/v2\/pages\/147"}],"wp:attachment":[{"href":"https:\/\/www.zakud-kazup.hr\/index.php?rest_route=%2Fwp%2Fv2%2Fmedia&parent=453"}],"curies":[{"name":"wp","href":"https:\/\/api.w.org\/{rel}","templated":true}]}}