{"id":449,"date":"2015-03-13T09:14:26","date_gmt":"2015-03-13T08:14:26","guid":{"rendered":"http:\/\/www.zakud-kazup.hr\/?page_id=449"},"modified":"2026-01-15T12:53:03","modified_gmt":"2026-01-15T11:53:03","slug":"kud-zadobarje-zadobarje","status":"publish","type":"page","link":"https:\/\/www.zakud-kazup.hr\/?page_id=449","title":{"rendered":"KUD &#8220;ZADOBARJE&#8221;"},"content":{"rendered":"<div class=\"wp-block-image\">\n<figure class=\"aligncenter size-large is-resized\"><img decoding=\"async\" loading=\"lazy\" src=\"https:\/\/www.zakud-kazup.hr\/wp-content\/uploads\/2024\/08\/316523175_578224480974426_5416609597901016556_n-1024x768.jpg\" alt=\"\" class=\"wp-image-6808\" width=\"512\" height=\"384\" srcset=\"https:\/\/www.zakud-kazup.hr\/wp-content\/uploads\/2024\/08\/316523175_578224480974426_5416609597901016556_n-1024x768.jpg 1024w, https:\/\/www.zakud-kazup.hr\/wp-content\/uploads\/2024\/08\/316523175_578224480974426_5416609597901016556_n-300x225.jpg 300w, https:\/\/www.zakud-kazup.hr\/wp-content\/uploads\/2024\/08\/316523175_578224480974426_5416609597901016556_n-150x113.jpg 150w, https:\/\/www.zakud-kazup.hr\/wp-content\/uploads\/2024\/08\/316523175_578224480974426_5416609597901016556_n-24x18.jpg 24w, https:\/\/www.zakud-kazup.hr\/wp-content\/uploads\/2024\/08\/316523175_578224480974426_5416609597901016556_n-36x27.jpg 36w, https:\/\/www.zakud-kazup.hr\/wp-content\/uploads\/2024\/08\/316523175_578224480974426_5416609597901016556_n-48x36.jpg 48w, https:\/\/www.zakud-kazup.hr\/wp-content\/uploads\/2024\/08\/316523175_578224480974426_5416609597901016556_n.jpg 1440w\" sizes=\"(max-width: 512px) 100vw, 512px\" \/><\/figure><\/div>\n\n\n<div class=\"wp-block-columns is-layout-flex wp-container-2\">\n<div class=\"wp-block-column is-layout-flow\"><\/div>\n<\/div>\n\n\n\n<p class=\"has-text-align-center\"><strong>Slu\u017ebeni naziv udruge<\/strong>: KULTURNO UMJETNI\u010cKO DRU\u0160TVO &#8220;ZADOBARJE&#8221;<\/p>\n\n\n\n<p class=\"has-text-align-center\"><strong>Adresa<\/strong>: Zadobarje 39, 47000 Karlovac<\/p>\n\n\n\n<p class=\"has-text-align-center\"><strong>Ime i prezime predsjednika udruge s kontaktom<\/strong>: ANTONIO&nbsp;SUDAC,&nbsp;098\/958-0235<\/p>\n\n\n\n<p class=\"has-text-align-center\"><strong>Ime i prezime tajnice udruge s kontaktom udruge<\/strong>: LJILJANA SUDAC, 099\/678-4446<\/p>\n\n\n\n<p class=\"has-text-align-center\"><strong>Broj \u010dlanova udruge<\/strong>: 30<\/p>\n\n\n\n<p class=\"has-text-align-center\"><strong>Sekcije udruge<\/strong>:<br>\u2022 Dramska sekcija<\/p>\n\n\n\n<p class=\"has-text-align-center\"><strong>Voditelj dramske sekcije<\/strong>: LJILJANA SUDAC<\/p>\n\n\n\n<p class=\"has-text-align-center\"><strong>E-mail adresa<\/strong>:\u00a0zadobarje1@gmail.com<\/p>\n\n\n\n<p class=\"has-text-align-center\"><strong>Web<\/strong>: www.kud-zadobarje.hr<\/p>\n\n\n\n<p class=\"has-text-align-center\"><strong>OIB udruge<\/strong>: 27421016780<\/p>\n\n\n\n<div class=\"wp-block-columns is-layout-flex wp-container-4\">\n<div class=\"wp-block-column is-layout-flow\"><\/div>\n<\/div>\n\n\n\n<p>KUD \u201eZadobarje\u201c osnovan je na inicijativu Mjesne zajednice Zadobarje 1995. godine. Sa aktivnim radom zapo\u010dinje 2001. godine, te je od tada nositelj svih kulturnih i dru\u0161tvenih doga\u0111anja u Zadobarju.<\/p>\n\n\n\n<p>Dru\u0161tvo se od prvog dana posvetilo rekonstrukciji narodnih obi\u010daja zadobarskog kraja, s kojima se redovito predstavlja na svim smotrama na kojima nastupa.<\/p>\n\n\n\n<p>KUD \u201eZadobarje\u201c broji 20-tak \u010dlanova koji djeluju u vi\u0161e sekcija.<\/p>\n\n\n\n<p>U proteklih 16 godina \u010dlanovi Dru\u0161tva proputovali su Slavoniju, Podravinu, Moslavinu i Karlova\u010dku \u017eupaniju, gostuju\u0107i na brojnim smotrama i festivalima. Redovito nastupaju na smotrama izvornog folkora u Karlovcu i Ogulinu, a gostovali su i u Velikoj Jelsi, Vu\u010djaku, Vrhovcu, Belajskim Poljicama, Hrvatskom Blagaju, Netreti\u0107u, Rakovici, Dugoj Resi, Ozlju, Novigradu na Dobri, Miklou\u0161u, Ivani\u0107 Gradu, Novigradu Podravskom, Vukovaru i Podravskim Podgajcima.<\/p>\n\n\n\n<p>U dosada\u0161njem radu Dru\u0161tvo je izdalo album pjesama, plesova i rozgalica \u201eKud Dobrica bistra te\u010de\u201c, te album pu\u010dkih crkvenih pjesama pod nazivom \u201eLipa na\u0161a svetokri\u0161ka fara\u201c. Tako\u0111er, 2013. godine izdali su dokumentarno-igrani film \u201eObi\u010daji na\u0161eg kraja\u201c koji prikazuje sedam narodnih obi\u010daja, 2015. godine izdan je igrani film \u201eSirotica i bogata\u0161\u201c, 2016. godine album pjesama \u201eZadobarski guci\u201c, te dugometra\u017eni igrani film \u201eBilo jednom u Zadobarju\u201c u re\u017eiji Antonia Sudca.<\/p>\n\n\n\n<div class=\"wp-block-columns is-layout-flex wp-container-6\">\n<div class=\"wp-block-column is-layout-flow\"><\/div>\n<\/div>\n","protected":false},"excerpt":{"rendered":"<p>Slu\u017ebeni naziv udruge: KULTURNO UMJETNI\u010cKO DRU\u0160TVO &#8220;ZADOBARJE&#8221; Adresa: Zadobarje 39, 47000 Karlovac Ime i prezime predsjednika udruge s kontaktom: ANTONIO&nbsp;SUDAC,&nbsp;098\/958-0235 Ime i prezime tajnice udruge s kontaktom udruge: LJILJANA SUDAC, <a href=\"https:\/\/www.zakud-kazup.hr\/?page_id=449\" class=\"more-link\">[&hellip;]<\/a><\/p>\n","protected":false},"author":2,"featured_media":0,"parent":171,"menu_order":0,"comment_status":"closed","ping_status":"closed","template":"","meta":{"Layout":""},"_links":{"self":[{"href":"https:\/\/www.zakud-kazup.hr\/index.php?rest_route=\/wp\/v2\/pages\/449"}],"collection":[{"href":"https:\/\/www.zakud-kazup.hr\/index.php?rest_route=\/wp\/v2\/pages"}],"about":[{"href":"https:\/\/www.zakud-kazup.hr\/index.php?rest_route=\/wp\/v2\/types\/page"}],"author":[{"embeddable":true,"href":"https:\/\/www.zakud-kazup.hr\/index.php?rest_route=\/wp\/v2\/users\/2"}],"replies":[{"embeddable":true,"href":"https:\/\/www.zakud-kazup.hr\/index.php?rest_route=%2Fwp%2Fv2%2Fcomments&post=449"}],"version-history":[{"count":7,"href":"https:\/\/www.zakud-kazup.hr\/index.php?rest_route=\/wp\/v2\/pages\/449\/revisions"}],"predecessor-version":[{"id":7884,"href":"https:\/\/www.zakud-kazup.hr\/index.php?rest_route=\/wp\/v2\/pages\/449\/revisions\/7884"}],"up":[{"embeddable":true,"href":"https:\/\/www.zakud-kazup.hr\/index.php?rest_route=\/wp\/v2\/pages\/171"}],"wp:attachment":[{"href":"https:\/\/www.zakud-kazup.hr\/index.php?rest_route=%2Fwp%2Fv2%2Fmedia&parent=449"}],"curies":[{"name":"wp","href":"https:\/\/api.w.org\/{rel}","templated":true}]}}