{"id":435,"date":"2015-03-12T11:30:32","date_gmt":"2015-03-12T10:30:32","guid":{"rendered":"http:\/\/www.zakud-kazup.hr\/?page_id=435"},"modified":"2024-01-09T07:58:58","modified_gmt":"2024-01-09T06:58:58","slug":"kud-sv-antun-pokupska-dolina-karlovac","status":"publish","type":"page","link":"https:\/\/www.zakud-kazup.hr\/?page_id=435","title":{"rendered":"KUD &#8220;SVETI ANTUN&#8221; POKUPSKA DOLINA, KARLOVAC"},"content":{"rendered":"<div class=\"wp-block-image\">\n<figure class=\"aligncenter is-resized\"><img decoding=\"async\" loading=\"lazy\" src=\"https:\/\/www.zakud-kazup.hr\/wp-content\/uploads\/2015\/03\/fotoIN_0571-300x200.jpg\" alt=\"fotoIN_0571\" class=\"wp-image-1862\" width=\"436\" height=\"291\" srcset=\"https:\/\/www.zakud-kazup.hr\/wp-content\/uploads\/2015\/03\/fotoIN_0571-300x200.jpg 300w, https:\/\/www.zakud-kazup.hr\/wp-content\/uploads\/2015\/03\/fotoIN_0571-225x150.jpg 225w, https:\/\/www.zakud-kazup.hr\/wp-content\/uploads\/2015\/03\/fotoIN_0571-150x100.jpg 150w, https:\/\/www.zakud-kazup.hr\/wp-content\/uploads\/2015\/03\/fotoIN_0571-24x16.jpg 24w, https:\/\/www.zakud-kazup.hr\/wp-content\/uploads\/2015\/03\/fotoIN_0571-36x24.jpg 36w, https:\/\/www.zakud-kazup.hr\/wp-content\/uploads\/2015\/03\/fotoIN_0571-48x32.jpg 48w, https:\/\/www.zakud-kazup.hr\/wp-content\/uploads\/2015\/03\/fotoIN_0571.jpg 448w\" sizes=\"(max-width: 436px) 100vw, 436px\" \/><\/figure><\/div>\n\n\n<div class=\"wp-block-columns is-layout-flex wp-container-2\">\n<div class=\"wp-block-column is-layout-flow\"><\/div>\n<\/div>\n\n\n\n<div class=\"wp-block-group is-layout-constrained\"><div class=\"wp-block-group__inner-container\">\n<div class=\"wp-block-group is-layout-constrained\"><div class=\"wp-block-group__inner-container\">\n<div class=\"wp-block-group is-layout-constrained\"><div class=\"wp-block-group__inner-container\">\n<p class=\"has-text-align-center\"> <strong style=\"font-size: revert; color: initial;\">Adresa: <\/strong><span style=\"font-size: revert; color: initial;\">Donje Meku\u0161je bb, 47000 Karlovac<\/span><\/p>\n\n\n\n<p class=\"has-text-align-center\"><strong>Ime i prezime predsjednika udruge sa kontaktom: <\/strong>SNJE\u017dANA MIJO\u0160- BUBLI\u0106, <span style=\"font-size: revert; color: initial;\">098\/649-184<\/span><\/p>\n\n\n\n<p class=\"has-text-align-center\"><strong>Voditelj folklorne sekcije: <\/strong>DRA\u017dEN MAKARUN, 091 \/ 5781 &#8211; 888<\/p>\n\n\n\n<p class=\"has-text-align-center\"><strong>Voditelj tambura\u0161ke sekcije: <\/strong>JOSIP VU\u0160IR, 091 \/ 5614 &#8211; 378<\/p>\n\n\n\n<p class=\"has-text-align-center\"><strong>Voditelj dje\u010dje sekcije: <\/strong>\u017dELJKA KU\u010cINI\u0106, 098 \/ 1840 &#8211; 380   <\/p>\n\n\n\n<p class=\"has-text-align-center\"><strong style=\"font-size: revert; color: initial;\">Voditelj pjeva\u010dke sekcije: <\/strong><span style=\"font-size: revert; color: initial;\">SNJE\u017dANA HAJSTER, 099 \/ 2492 &#8211; 998<\/span><\/p>\n\n\n\n<p class=\"has-text-align-center\"><strong>E-mail adresa:&nbsp;<\/strong><span style=\"font-size: revert; color: initial;\">snjezana.mijos.bublic@gmail.com<\/span><\/p>\n\n\n\n<p class=\"has-text-align-center\"><strong>OIB udruge: <\/strong>52139645053<\/p>\n\n\n\n<div class=\"wp-block-columns is-layout-flex wp-container-4\">\n<div class=\"wp-block-column is-layout-flow\"><\/div>\n<\/div>\n<\/div><\/div>\n<\/div><\/div>\n<\/div><\/div>\n\n\n\n<p class=\"has-text-align-left\">KUD \u201cSveti Antun\u201c iz Pokupske doline osnovan je 2004. godine.&nbsp;Djeluje kao izvorno dru\u0161tvo te njeguje pjesme, plesove i obi\u010daje svoga kraja, bri\u017eno \u010duvaju\u0107i kulturnu ba\u0161tinu naselja lijeve obale Kupe: od Graca, Vodostaja, preko Meku\u0161ja i Husja, sve do Kobili\u0107a Pokupskog.<\/p>\n\n\n\n<p class=\"has-text-align-left\">Dru\u0161tvo okuplja oko 60 \u010dlanova u odrasloj i dje\u010djoj sekciji, te tambura\u0161kom sastavu. Dje\u010dja sekcija djeluje pod nazivom \u201eJantoni\u0107i\u201d i nastupa na svim \u017eupanijskim smotrama i doma\u0107im manifestacijama, a nastupili su i na dje\u010djim smotrama u Maloj Subotici kod \u010cakovca i u Tenji. Tambura\u0161ka sekcija proiza\u0161la je iz \u0161kole tambure u Re\u010dici i uspje\u0161no je stasala u prate\u0107i sastav odrasle folklorne skupine.<\/p>\n\n\n\n<p class=\"has-text-align-left\">Dru\u0161tvo vrijedno radi pa u relativno kratkom razdoblju svoga djelovanja bilje\u017ei preko stotinu nastupa na lokalnoj razini i diljem Lijepe na\u0161e.<\/p>\n\n\n\n<p class=\"has-text-align-left\">\u010clanovi dru\u0161tva svake godine odr\u017eavaju Bo\u017ei\u0107ni i Korizmeni koncert, a od 2012. godine&nbsp; organizatori su susreta folklora\u0161a pod nazivom &#8220;Jantonovo leto&#8221; povodom dana svoga za\u0161titnika sv. Antuna Padovanskog na kojem ugo\u0161\u0107uju dru\u0161tva iz razli\u010ditih krajeva Lijepe na\u0161e.<\/p>\n\n\n\n<p class=\"has-text-align-left\">KUD &#8220;Sveti Antun&#8221; di\u010di se narodnom no\u0161njom \u010diji su primjerci izlo\u017eeni u Muzeju grada Karlovca kao najstarija originalna no\u0161nja karlova\u010dkog podru\u010dja.<\/p>\n","protected":false},"excerpt":{"rendered":"<p>Adresa: Donje Meku\u0161je bb, 47000 Karlovac Ime i prezime predsjednika udruge sa kontaktom: SNJE\u017dANA MIJO\u0160- BUBLI\u0106, 098\/649-184 Voditelj folklorne sekcije: DRA\u017dEN MAKARUN, 091 \/ 5781 &#8211; 888 Voditelj tambura\u0161ke sekcije: <a href=\"https:\/\/www.zakud-kazup.hr\/?page_id=435\" class=\"more-link\">[&hellip;]<\/a><\/p>\n","protected":false},"author":2,"featured_media":0,"parent":171,"menu_order":0,"comment_status":"closed","ping_status":"closed","template":"","meta":{"Layout":""},"_links":{"self":[{"href":"https:\/\/www.zakud-kazup.hr\/index.php?rest_route=\/wp\/v2\/pages\/435"}],"collection":[{"href":"https:\/\/www.zakud-kazup.hr\/index.php?rest_route=\/wp\/v2\/pages"}],"about":[{"href":"https:\/\/www.zakud-kazup.hr\/index.php?rest_route=\/wp\/v2\/types\/page"}],"author":[{"embeddable":true,"href":"https:\/\/www.zakud-kazup.hr\/index.php?rest_route=\/wp\/v2\/users\/2"}],"replies":[{"embeddable":true,"href":"https:\/\/www.zakud-kazup.hr\/index.php?rest_route=%2Fwp%2Fv2%2Fcomments&post=435"}],"version-history":[{"count":12,"href":"https:\/\/www.zakud-kazup.hr\/index.php?rest_route=\/wp\/v2\/pages\/435\/revisions"}],"predecessor-version":[{"id":6136,"href":"https:\/\/www.zakud-kazup.hr\/index.php?rest_route=\/wp\/v2\/pages\/435\/revisions\/6136"}],"up":[{"embeddable":true,"href":"https:\/\/www.zakud-kazup.hr\/index.php?rest_route=\/wp\/v2\/pages\/171"}],"wp:attachment":[{"href":"https:\/\/www.zakud-kazup.hr\/index.php?rest_route=%2Fwp%2Fv2%2Fmedia&parent=435"}],"curies":[{"name":"wp","href":"https:\/\/api.w.org\/{rel}","templated":true}]}}