{"id":379,"date":"2015-01-27T12:34:35","date_gmt":"2015-01-27T11:34:35","guid":{"rendered":"http:\/\/www.zakud-kazup.hr\/?page_id=379"},"modified":"2025-12-04T14:19:47","modified_gmt":"2025-12-04T13:19:47","slug":"kud-turanj-karlovac","status":"publish","type":"page","link":"https:\/\/www.zakud-kazup.hr\/?page_id=379","title":{"rendered":"KUD &#8220;TURANJ&#8221; KARLOVAC"},"content":{"rendered":"<div class=\"wp-block-image\">\n<figure class=\"aligncenter size-full is-resized\"><img decoding=\"async\" loading=\"lazy\" src=\"https:\/\/www.zakud-kazup.hr\/wp-content\/uploads\/2024\/01\/turanj.jpg\" alt=\"\" class=\"wp-image-6267\" width=\"480\" height=\"360\" srcset=\"https:\/\/www.zakud-kazup.hr\/wp-content\/uploads\/2024\/01\/turanj.jpg 960w, https:\/\/www.zakud-kazup.hr\/wp-content\/uploads\/2024\/01\/turanj-300x225.jpg 300w, https:\/\/www.zakud-kazup.hr\/wp-content\/uploads\/2024\/01\/turanj-150x113.jpg 150w, https:\/\/www.zakud-kazup.hr\/wp-content\/uploads\/2024\/01\/turanj-24x18.jpg 24w, https:\/\/www.zakud-kazup.hr\/wp-content\/uploads\/2024\/01\/turanj-36x27.jpg 36w, https:\/\/www.zakud-kazup.hr\/wp-content\/uploads\/2024\/01\/turanj-48x36.jpg 48w\" sizes=\"(max-width: 480px) 100vw, 480px\" \/><\/figure><\/div>\n\n\n<div class=\"wp-block-columns is-layout-flex wp-container-2\">\n<div class=\"wp-block-column is-layout-flow\"><\/div>\n<\/div>\n\n\n\n<p class=\"has-text-align-center\"><strong>Slu\u017ebeni naziv udruge<\/strong>: Kulturno umjetni\u010dko dru\u0161tvo \u201eTuranj\u201c<\/p>\n\n\n\n<p class=\"has-text-align-center\"><strong>Adresa<\/strong>:&nbsp;Ulica bra\u0107e Gojak 4, 47000 Karlovac<\/p>\n\n\n\n<p class=\"has-text-align-center\"><strong>Ime i prezime predsjednice udruge s kontaktom<\/strong>:\u00a0MIRJANA DRU\u017dAK,\u00a0091\/7278-487<\/p>\n\n\n\n<p class=\"has-text-align-center\"><strong>Ime i prezime tajnice udruge s kontaktom<\/strong>: DAVORKA CVITKOVI\u0106, 099\/835 55-56<\/p>\n\n\n\n<p class=\"has-text-align-center\"><strong>Broj \u010dlanova udruge<\/strong>: 30<\/p>\n\n\n\n<p class=\"has-text-align-center\"><strong>Sekcije udruge<\/strong>:<\/p>\n\n\n\n<p class=\"has-text-align-center\">\u2022 Pjeva\u010dka sekcija<br>\u2022 Plesa\u010dka sekcija<\/p>\n\n\n\n<p class=\"has-text-align-center\"><strong>Voditelj pjeva\u010dke sekcije<\/strong>: VI\u0160NJA MIJANOVI\u0106,&nbsp;visnja.mijanovic@gmail.com<\/p>\n\n\n\n<p class=\"has-text-align-center\"><strong>Voditelj plesa\u010dke sekcije<\/strong>: MIRJANA DRU\u017dAK, &nbsp;091\/7278-487<\/p>\n\n\n\n<p class=\"has-text-align-center\"><strong>E-mail adresa<\/strong>:&nbsp;mirjana.druzak1@gmail.com<\/p>\n\n\n\n<p class=\"has-text-align-center\"><strong>OIB udruge<\/strong>: 57668272453<\/p>\n\n\n\n<div class=\"wp-block-columns is-layout-flex wp-container-4\">\n<div class=\"wp-block-column is-layout-flow\"><\/div>\n<\/div>\n\n\n\n<p>KUD \u201eTuranj\u201c iz Karlovca osnovan je i kontinuirano djeluje od 1986. godine. Dru\u0161tvo je osnovano kao prvo izvorno folklorno dru\u0161tvo na u\u017eem karlova\u010dkom podru\u010dju.<\/p>\n\n\n\n<p>Osnovna zada\u0107a i cilj KUD-a \u201eTuranj\u201c je istra\u017eivanje, zapisivanje, \u010duvanje i promicanje izvorne pjesme, plesa i obi\u010daja Turnja i \u0161ire okolice, a tu zada\u0107u uspje\u0161no obavlja i danas, te se jo\u0161 uvijek osjeti jednak \u017ear kojim \u010dlanovi Dru\u0161tva istra\u017euju i uvje\u017ebavaju stare izvorne plesove i pjesme, kao i u samim po\u010decima.<\/p>\n\n\n\n<p>Dru\u0161tvo broji 30 \u010dlanova razli\u010dite \u017eivotne dobi, okupljenih u pjeva\u010dkoj i plesnoj sekciji.<\/p>\n\n\n\n<p>Tijekom 28 godina svoga postojanja KUD \u201eTuranj\u201c zabilje\u017eio je brojne nastupe diljem Hrvatske, kao i me\u0111unarodna gostovanja, a ljubav prema tradicijskoj kulturi predaka odra\u017eava se u njihovoj pjesmi i plesu. Osim mnogobrojnih sudjelovanja na smotrama diljem \u017eupanije, \u010dlanovi KUD-a \u201eTuranj\u201c nastupili su na Vinkova\u010dkim jesenima, Me\u0111unarodnoj smotri folklora u Zagrebu, \u0110akova\u010dkim vezovima, na Brodskom kolu u Slavonskom Brodu, Valpova\u010dkom ljetu, u Metkovi\u0107u, Donjem Miholjcu i na mnogim drugim&nbsp; smotrama i manifestacijama diljem Lijepe na\u0161e. Tako\u0111er, na nivou me\u0111unarodne suradnje Dru\u0161tvo je 2001. godine uspostavilo suradnju s Dru\u0161tvom \u201eMogilany\u201c iz grada Mogilany kraj Krakowa u Poljskoj, te je slijede\u0107e godine do\u010dekalo \u010dlanove poljskog dru\u0161tva i ugostilo ih u Karlovcu.<\/p>\n","protected":false},"excerpt":{"rendered":"<p>Slu\u017ebeni naziv udruge: Kulturno umjetni\u010dko dru\u0161tvo \u201eTuranj\u201c Adresa:&nbsp;Ulica bra\u0107e Gojak 4, 47000 Karlovac Ime i prezime predsjednice udruge s kontaktom:\u00a0MIRJANA DRU\u017dAK,\u00a0091\/7278-487 Ime i prezime tajnice udruge s kontaktom: DAVORKA CVITKOVI\u0106, <a href=\"https:\/\/www.zakud-kazup.hr\/?page_id=379\" class=\"more-link\">[&hellip;]<\/a><\/p>\n","protected":false},"author":1,"featured_media":0,"parent":171,"menu_order":0,"comment_status":"closed","ping_status":"closed","template":"","meta":{"Layout":""},"_links":{"self":[{"href":"https:\/\/www.zakud-kazup.hr\/index.php?rest_route=\/wp\/v2\/pages\/379"}],"collection":[{"href":"https:\/\/www.zakud-kazup.hr\/index.php?rest_route=\/wp\/v2\/pages"}],"about":[{"href":"https:\/\/www.zakud-kazup.hr\/index.php?rest_route=\/wp\/v2\/types\/page"}],"author":[{"embeddable":true,"href":"https:\/\/www.zakud-kazup.hr\/index.php?rest_route=\/wp\/v2\/users\/1"}],"replies":[{"embeddable":true,"href":"https:\/\/www.zakud-kazup.hr\/index.php?rest_route=%2Fwp%2Fv2%2Fcomments&post=379"}],"version-history":[{"count":11,"href":"https:\/\/www.zakud-kazup.hr\/index.php?rest_route=\/wp\/v2\/pages\/379\/revisions"}],"predecessor-version":[{"id":7788,"href":"https:\/\/www.zakud-kazup.hr\/index.php?rest_route=\/wp\/v2\/pages\/379\/revisions\/7788"}],"up":[{"embeddable":true,"href":"https:\/\/www.zakud-kazup.hr\/index.php?rest_route=\/wp\/v2\/pages\/171"}],"wp:attachment":[{"href":"https:\/\/www.zakud-kazup.hr\/index.php?rest_route=%2Fwp%2Fv2%2Fmedia&parent=379"}],"curies":[{"name":"wp","href":"https:\/\/api.w.org\/{rel}","templated":true}]}}