{"id":3736,"date":"2017-10-04T09:02:13","date_gmt":"2017-10-04T08:02:13","guid":{"rendered":"http:\/\/www.zakud-kazup.hr\/?page_id=3736"},"modified":"2023-06-19T11:46:29","modified_gmt":"2023-06-19T10:46:29","slug":"djecji-zbor-cicibani-karlovac","status":"publish","type":"page","link":"https:\/\/www.zakud-kazup.hr\/?page_id=3736","title":{"rendered":"DJE\u010cJI ZBOR &#8220;CICIBANI&#8221; KARLOVAC"},"content":{"rendered":"\n<div class=\"wp-block-columns is-layout-flex wp-container-2\">\n<div class=\"wp-block-column is-layout-flow\"><\/div>\n<\/div>\n\n\n<div class=\"wp-block-image\">\n<figure class=\"aligncenter is-resized\"><img decoding=\"async\" loading=\"lazy\" src=\"https:\/\/www.zakud-kazup.hr\/wp-content\/uploads\/2017\/10\/IMG_2377-300x200.jpg\" alt=\"\" class=\"wp-image-3731\" width=\"492\" height=\"328\" srcset=\"https:\/\/www.zakud-kazup.hr\/wp-content\/uploads\/2017\/10\/IMG_2377-300x200.jpg 300w, https:\/\/www.zakud-kazup.hr\/wp-content\/uploads\/2017\/10\/IMG_2377-225x150.jpg 225w, https:\/\/www.zakud-kazup.hr\/wp-content\/uploads\/2017\/10\/IMG_2377-150x100.jpg 150w, https:\/\/www.zakud-kazup.hr\/wp-content\/uploads\/2017\/10\/IMG_2377-24x16.jpg 24w, https:\/\/www.zakud-kazup.hr\/wp-content\/uploads\/2017\/10\/IMG_2377-36x24.jpg 36w, https:\/\/www.zakud-kazup.hr\/wp-content\/uploads\/2017\/10\/IMG_2377-48x32.jpg 48w, https:\/\/www.zakud-kazup.hr\/wp-content\/uploads\/2017\/10\/IMG_2377.jpg 640w\" sizes=\"(max-width: 492px) 100vw, 492px\" \/><\/figure><\/div>\n\n\n<div class=\"wp-block-columns is-layout-flex wp-container-4\">\n<div class=\"wp-block-column is-layout-flow\"><\/div>\n<\/div>\n\n\n\n<p class=\"has-text-align-center\"><strong>Adresa:<\/strong>\u00a0Josipa Ra\u010di\u0107a 5, 47000 KARLOVAC<\/p>\n\n\n\n<p class=\"has-text-align-center\"><strong>Ime i prezime predsjednika udruge sa kontaktom:<\/strong>&nbsp;RATKO POGA\u010cI\u0106, 091 \/&nbsp;2050 \u2013 234<\/p>\n\n\n\n<p class=\"has-text-align-center\"><strong>Ime i prezime tajnika udruge sa kontaktom:&nbsp;<\/strong>MIRJANA POGA\u010cI\u0106,&nbsp;091 \/ 5387 \u2013 191<\/p>\n\n\n\n<p class=\"has-text-align-center\"><strong>Broj \u010dlanova udruge:&nbsp;<\/strong>35<\/p>\n\n\n\n<p class=\"has-text-align-center\"><strong>E-mail adresa:<\/strong><strong>&nbsp;<\/strong>mirjana.pogacic@gmail.com<\/p>\n\n\n\n<p class=\"has-text-align-center\"><strong>OIB udruge:\u00a0<\/strong>58339314709<\/p>\n\n\n\n<div class=\"wp-block-columns is-layout-flex wp-container-6\">\n<div class=\"wp-block-column is-layout-flow\"><\/div>\n<\/div>\n\n\n\n<p class=\"has-text-align-left\">Dje\u010dji zbor \u201eCicibani\u201c osnovao je prof. Ratko Poga\u010di\u0107 1982. godine pri Gradskom kazali\u0161tu \u201eZorin dom\u201c. Od 1992. godine Zbor je djelovao u sklopu Dru\u0161tva za kulturu i umjetnost LARP d.o.o. iz Karlovca a od svibnja 2011. godine djeluje kao udruga.<\/p>\n\n\n\n<p class=\"has-text-align-left\">Dje\u010dji zbor \u201eCicibani\u201c slovi za jednog od najstarijih i najkvalitetnijih dje\u010djih zborova u Hrvatskoj. Va\u017eno je istaknuti da su kroz zbor pro\u0161le mnoge generacije karlova\u010dkih mali\u0161ana koji su kroz pjesmu dobivali saznanja o prijateljstvu, ljubavi, majci, domovini. Velik broj \u010dlanova zbora danas su mladi glazbenici koji su zavr\u0161ili Glazbenu \u0161kolu.<\/p>\n\n\n\n<p class=\"has-text-align-left\">Vi\u0161e od 100 vlastitih kompozicija, od kojih su ve\u0107ina na nosa\u010dima zvuka te na posebnim festivalskim izdanjima, brojni koncerti i nastupi na dje\u010djim festivalima i raznim drugim manifestacijama, nastupi na HRT-u, brojne nagrade i priznanja ostavili su zna\u010dajan trag u glazbenom stvarala\u0161tvu za djecu ne samo u gradu Karlovcu i regiji, ve\u0107 u svim gradovima i mjestima u kojima su \u201eCicibani\u201c gostovali.<\/p>\n\n\n\n<p class=\"has-text-align-left\">Posebna \u010dast i dostignu\u0107e je nominacija \u201eCicibana\u201c za najpresti\u017eniju nagradu u zemlji i regiji, diskografsku nagradu Porin 2013. godine u kategoriji&nbsp;<em>najbolji album za djecu<\/em>. Tom je prilikom nominiran album \u201eCicibana\u201c \u201eVeliki za male\u201c, kojim je Zbor obilje\u017eio 30. godi\u0161njicu svoga postojanja sve\u010danim koncertom u \u201eZorin domu\u201c.<\/p>\n\n\n\n<p class=\"has-text-align-left\">\u201eCicibani\u201c i njihov umjetni\u010dki voditelj prof. Ratko Poga\u010di\u0107 kroz svoj rad, nastupe i mnogobrojna priznanja dobivaju motivaciju za daljnje djelovanje sa \u017eeljom da kroz dje\u010dju pjesmu, igru i prijateljstvo odr\u017eavaju ansambl \u017eivim, da se djeca prona\u0111u u glazbi i nastave glazbeno usavr\u0161avanje te nastave djelovati u drugim vokalnim ili instrumentalnim ansamblima u Karlovcu.<\/p>\n","protected":false},"excerpt":{"rendered":"<p>Adresa:\u00a0Josipa Ra\u010di\u0107a 5, 47000 KARLOVAC Ime i prezime predsjednika udruge sa kontaktom:&nbsp;RATKO POGA\u010cI\u0106, 091 \/&nbsp;2050 \u2013 234 Ime i prezime tajnika udruge sa kontaktom:&nbsp;MIRJANA POGA\u010cI\u0106,&nbsp;091 \/ 5387 \u2013 191 Broj <a href=\"https:\/\/www.zakud-kazup.hr\/?page_id=3736\" class=\"more-link\">[&hellip;]<\/a><\/p>\n","protected":false},"author":2,"featured_media":0,"parent":177,"menu_order":0,"comment_status":"closed","ping_status":"closed","template":"","meta":{"Layout":""},"_links":{"self":[{"href":"https:\/\/www.zakud-kazup.hr\/index.php?rest_route=\/wp\/v2\/pages\/3736"}],"collection":[{"href":"https:\/\/www.zakud-kazup.hr\/index.php?rest_route=\/wp\/v2\/pages"}],"about":[{"href":"https:\/\/www.zakud-kazup.hr\/index.php?rest_route=\/wp\/v2\/types\/page"}],"author":[{"embeddable":true,"href":"https:\/\/www.zakud-kazup.hr\/index.php?rest_route=\/wp\/v2\/users\/2"}],"replies":[{"embeddable":true,"href":"https:\/\/www.zakud-kazup.hr\/index.php?rest_route=%2Fwp%2Fv2%2Fcomments&post=3736"}],"version-history":[{"count":3,"href":"https:\/\/www.zakud-kazup.hr\/index.php?rest_route=\/wp\/v2\/pages\/3736\/revisions"}],"predecessor-version":[{"id":5171,"href":"https:\/\/www.zakud-kazup.hr\/index.php?rest_route=\/wp\/v2\/pages\/3736\/revisions\/5171"}],"up":[{"embeddable":true,"href":"https:\/\/www.zakud-kazup.hr\/index.php?rest_route=\/wp\/v2\/pages\/177"}],"wp:attachment":[{"href":"https:\/\/www.zakud-kazup.hr\/index.php?rest_route=%2Fwp%2Fv2%2Fmedia&parent=3736"}],"curies":[{"name":"wp","href":"https:\/\/api.w.org\/{rel}","templated":true}]}}