{"id":373,"date":"2015-01-27T12:19:01","date_gmt":"2015-01-27T11:19:01","guid":{"rendered":"http:\/\/www.zakud-kazup.hr\/?page_id=373"},"modified":"2024-08-13T11:19:43","modified_gmt":"2024-08-13T10:19:43","slug":"kud-tounjcica-tounj","status":"publish","type":"page","link":"https:\/\/www.zakud-kazup.hr\/?page_id=373","title":{"rendered":"KUD &#8220;TOUNJ\u010cICA&#8221; TOUNJ"},"content":{"rendered":"<div class=\"wp-block-image\">\n<figure class=\"aligncenter size-large is-resized\"><img decoding=\"async\" loading=\"lazy\" src=\"https:\/\/www.zakud-kazup.hr\/wp-content\/uploads\/2024\/01\/tounj-1024x600.jpg\" alt=\"\" class=\"wp-image-6265\" width=\"512\" height=\"300\" srcset=\"https:\/\/www.zakud-kazup.hr\/wp-content\/uploads\/2024\/01\/tounj-1024x600.jpg 1024w, https:\/\/www.zakud-kazup.hr\/wp-content\/uploads\/2024\/01\/tounj-300x176.jpg 300w, https:\/\/www.zakud-kazup.hr\/wp-content\/uploads\/2024\/01\/tounj-1536x900.jpg 1536w, https:\/\/www.zakud-kazup.hr\/wp-content\/uploads\/2024\/01\/tounj-150x88.jpg 150w, https:\/\/www.zakud-kazup.hr\/wp-content\/uploads\/2024\/01\/tounj-24x14.jpg 24w, https:\/\/www.zakud-kazup.hr\/wp-content\/uploads\/2024\/01\/tounj-36x21.jpg 36w, https:\/\/www.zakud-kazup.hr\/wp-content\/uploads\/2024\/01\/tounj-48x28.jpg 48w, https:\/\/www.zakud-kazup.hr\/wp-content\/uploads\/2024\/01\/tounj.jpg 2048w\" sizes=\"(max-width: 512px) 100vw, 512px\" \/><\/figure><\/div>\n\n\n<div class=\"wp-block-columns is-layout-flex wp-container-2\">\n<div class=\"wp-block-column is-layout-flow\"><\/div>\n<\/div>\n\n\n\n<p class=\"has-text-align-center\"><strong>Slu\u017ebeni naziv udruge<\/strong>: Kulturno umjetni\u010dko dru\u0161tvo \u201eTounj\u010dica\u201c<\/p>\n\n\n\n<p class=\"has-text-align-center\"><strong>Adresa<\/strong>: Tounj 26, 47 264 Tounj<\/p>\n\n\n\n<p class=\"has-text-align-center\"><strong>Ime i prezime predsjednice udruge<\/strong>:\u00a0RENATA REBROVI\u0106<\/p>\n\n\n\n<p class=\"has-text-align-center\"><strong>Broj \u010dlanova udruge<\/strong>: 45<\/p>\n\n\n\n<p class=\"has-text-align-center\"><strong>Sekcije udruge<\/strong>:<\/p>\n\n\n\n<p class=\"has-text-align-center\">\u2022 Izvorna grupa<br>\u2022 Tambura\u0161ki orkestar<br>\u2022 Dje\u010dja grupa<\/p>\n\n\n\n<p class=\"has-text-align-center\"><strong>Voditelj izvorne sekcije<\/strong>: BRANKO RUMENOVI\u0106, 099\/5017-315<\/p>\n\n\n\n<p class=\"has-text-align-center\"><strong>Voditelj tambura\u0161kog orkestra<\/strong>: MATIJA MATE\u0160I\u0106<\/p>\n\n\n\n<p class=\"has-text-align-center\"><strong>Voditelj dje\u010dje sekcije<\/strong>: ANKICA PRIBANI\u0106 I BRANKO RUMENOVI\u0106, 099\/5017-315<\/p>\n\n\n\n<p class=\"has-text-align-center\"><strong>E-mail adresa<\/strong>:&nbsp;kud.tounjcica@gmail.com<\/p>\n\n\n\n<p class=\"has-text-align-center\"><strong>OIB udruge<\/strong>: 88271804606<\/p>\n\n\n\n<div class=\"wp-block-columns is-layout-flex wp-container-4\">\n<div class=\"wp-block-column is-layout-flow\"><\/div>\n<\/div>\n\n\n\n<p>Pjevanje, plesanje, o\u010duvanje tradicije i obi\u010daja od najranijih je vremena dio svakodnevnog \u017eivota tounjskog stanovni\u0161tva. Pjevalo se u ko\u0161nji, \u017eetvi, obradi zemlje, na balu, prelu, u crkvi, pri odlasku s posla s Jezera, na pa\u0161i te u svakoj drugoj prilici. Prvo organizirano dru\u0161tvo koje se bavilo folklornom djelatno\u0161\u0107u bila je folklorna grupa koju je nakon Drugog svjetskog rata osnovala novoprido\u0161la u\u010diteljica Lucija Capan. Ta je folklorna skupina mladih prvi put nastupila 18. svibnja 1952., i to na Kotorskoj smotri kulturno-umjetni\u010dkih dru\u0161tava u Ogulinu, i odmah osvojila drugu nagradu u folkloru i tre\u0107u nagradu u pjevanju.<\/p>\n\n\n\n<p>U narednim desetlje\u0107ima u Tounju djeluju folklorne skupine i pjeva\u010dki zborovi koji su nastupali po potrebi, naj\u010de\u0161\u0107e prilikom proslave raznih obljetnica. Tek 1971. godine dolazi do ponovnog okupljanja mladih u udruzi \u201eAktiv \u017eena\u201c, koja je ubrzo prerasla u Kulturno-umjetni\u010dko dru\u0161tvo \u201eTounj\u010dica\u201c, nose\u0107i naziv rijeke koja protje\u010de kroz Tounj. Stjecajem okolnosti Dru\u0161tvo je u registar udruga upisano tek 11. velja\u010de 1985.<\/p>\n\n\n\n<p>KUD \u201eTounj\u010dica\u201c danas okuplja oko 45 \u010dlanova svih uzrasta, od rane \u0161kolske dobi do umirovljenika, a organiziran je u tri sekcije: izvornoj grupi, tambura\u0161kom orkestru i dje\u010djoj sekciji. Izvorna grupa KUD-a \u201eTounj\u010dica\u201c njeguje i rekonstruira tounjsku folklornu ba\u0161tinu. Djeluje od samog osnutka Dru\u0161tva, a u svojem programu izvodi tradicijske pjesme i plesove tounjskog kraja. Tijekom svoga rada, \u010dlanovi izvorne grupe rekonstruirali su i na scenu postavili scenske prikaze prela, ko\u0161nje sijena, svadbe, Bo\u017ei\u0107a i drugih tounjskih obi\u010daja.<\/p>\n\n\n\n<p>Tambura\u0161ki orkestar tako\u0111er djeluje u Dru\u0161tvu od samog po\u010detka, a izvodi glazbene obrade koreografija koje izvode izvorna i dje\u010dja grupa. Orkestar je tijekom svojega rada bio sastavljen od amatera odnosno zaljubljenika u tradicijsku glazbu. Neki \u010dlanovi su samouki, a mla\u0111i su \u010dlanovi poha\u0111ali razli\u010dite seminare i glazbenu \u0161kolu. Orkestru se 2009. godine pridru\u017eila nekolicina mladih zaljubljenika u glazbu i danas nastupaju zajedno sa starijim \u010dlanovima.<\/p>\n\n\n\n<p>Izvorna grupa i tambura\u0161ki orkestar djeluju i nastupaju zajedno. Bogatstvo svoje tradicijske kulture prikazuju na brojnim smotrama diljem Republike Hrvatske. Dru\u0161tvo je redoviti sudionik Smotre izvornog folklora Karlova\u010dke \u017eupanije Igra kolo u Ogulinu, a svoj rad predstavili su i na smotrama u Donjem Miholjcu, Mu\u0107u, Prelogu, Vrhovcu, Grabarju, Gornjoj Stubici, Vrbovskom, Severinu na Kupi, O\u0161tarijama, Modru\u0161u te na brojnim sve\u010danostima u Tounju i okolnim mjestima. Svoj dugogodi\u0161nji rad \u010dlanovi Dru\u0161tva zabilje\u017eili su 2008. godine na CD-u \u201eAlaj oj Tovunju, grade od starine\u201c.<\/p>\n","protected":false},"excerpt":{"rendered":"<p>Slu\u017ebeni naziv udruge: Kulturno umjetni\u010dko dru\u0161tvo \u201eTounj\u010dica\u201c Adresa: Tounj 26, 47 264 Tounj Ime i prezime predsjednice udruge:\u00a0RENATA REBROVI\u0106 Broj \u010dlanova udruge: 45 Sekcije udruge: \u2022 Izvorna grupa\u2022 Tambura\u0161ki orkestar\u2022 <a href=\"https:\/\/www.zakud-kazup.hr\/?page_id=373\" class=\"more-link\">[&hellip;]<\/a><\/p>\n","protected":false},"author":2,"featured_media":0,"parent":171,"menu_order":0,"comment_status":"closed","ping_status":"closed","template":"","meta":{"Layout":""},"_links":{"self":[{"href":"https:\/\/www.zakud-kazup.hr\/index.php?rest_route=\/wp\/v2\/pages\/373"}],"collection":[{"href":"https:\/\/www.zakud-kazup.hr\/index.php?rest_route=\/wp\/v2\/pages"}],"about":[{"href":"https:\/\/www.zakud-kazup.hr\/index.php?rest_route=\/wp\/v2\/types\/page"}],"author":[{"embeddable":true,"href":"https:\/\/www.zakud-kazup.hr\/index.php?rest_route=\/wp\/v2\/users\/2"}],"replies":[{"embeddable":true,"href":"https:\/\/www.zakud-kazup.hr\/index.php?rest_route=%2Fwp%2Fv2%2Fcomments&post=373"}],"version-history":[{"count":10,"href":"https:\/\/www.zakud-kazup.hr\/index.php?rest_route=\/wp\/v2\/pages\/373\/revisions"}],"predecessor-version":[{"id":6798,"href":"https:\/\/www.zakud-kazup.hr\/index.php?rest_route=\/wp\/v2\/pages\/373\/revisions\/6798"}],"up":[{"embeddable":true,"href":"https:\/\/www.zakud-kazup.hr\/index.php?rest_route=\/wp\/v2\/pages\/171"}],"wp:attachment":[{"href":"https:\/\/www.zakud-kazup.hr\/index.php?rest_route=%2Fwp%2Fv2%2Fmedia&parent=373"}],"curies":[{"name":"wp","href":"https:\/\/api.w.org\/{rel}","templated":true}]}}