{"id":2383,"date":"2016-11-13T20:11:10","date_gmt":"2016-11-13T19:11:10","guid":{"rendered":"http:\/\/www.zakud-kazup.hr\/?page_id=2383"},"modified":"2024-01-09T07:58:30","modified_gmt":"2024-01-09T06:58:30","slug":"kud-stative-karlovac","status":"publish","type":"page","link":"https:\/\/www.zakud-kazup.hr\/?page_id=2383","title":{"rendered":"KUD &#8220;STATIVE&#8221; KARLOVAC"},"content":{"rendered":"<div class=\"wp-block-image\">\n<figure class=\"aligncenter\"><img decoding=\"async\" loading=\"lazy\" width=\"300\" height=\"225\" src=\"https:\/\/www.zakud-kazup.hr\/wp-content\/uploads\/2016\/11\/slika-2-kud-stative-300x225.jpg\" alt=\"slika-2-kud-stative\" class=\"wp-image-2385\" srcset=\"https:\/\/www.zakud-kazup.hr\/wp-content\/uploads\/2016\/11\/slika-2-kud-stative-300x225.jpg 300w, https:\/\/www.zakud-kazup.hr\/wp-content\/uploads\/2016\/11\/slika-2-kud-stative-200x150.jpg 200w, https:\/\/www.zakud-kazup.hr\/wp-content\/uploads\/2016\/11\/slika-2-kud-stative-150x113.jpg 150w, https:\/\/www.zakud-kazup.hr\/wp-content\/uploads\/2016\/11\/slika-2-kud-stative-24x18.jpg 24w, https:\/\/www.zakud-kazup.hr\/wp-content\/uploads\/2016\/11\/slika-2-kud-stative-36x27.jpg 36w, https:\/\/www.zakud-kazup.hr\/wp-content\/uploads\/2016\/11\/slika-2-kud-stative-48x36.jpg 48w, https:\/\/www.zakud-kazup.hr\/wp-content\/uploads\/2016\/11\/slika-2-kud-stative.jpg 960w\" sizes=\"(max-width: 300px) 100vw, 300px\" \/><\/figure><\/div>\n\n\n<div class=\"wp-block-columns is-layout-flex wp-container-2\">\n<div class=\"wp-block-column is-layout-flow\"><\/div>\n<\/div>\n\n\n\n<p class=\"has-text-align-center\"><strong>Slu\u017ebeni naziv udruge<\/strong>: Kulturno-umjetni\u010dko dru\u0161tvo \u201eStative\u201c Karlovac<\/p>\n\n\n\n<p class=\"has-text-align-center\"><strong>Adresa<\/strong>:&nbsp;Gornje Stative 1a, 47000 KARLOVAC<\/p>\n\n\n\n<p class=\"has-text-align-center\"><strong>Ime i prezime predsjednika udruge sa kontaktom<\/strong>:&nbsp;MARJANA MARTINAC,&nbsp;098 \/ 361 &#8211; 165<\/p>\n\n\n\n<p class=\"has-text-align-center\"><strong>Broj \u010dlanova udruge<\/strong>: 40<\/p>\n\n\n\n<p class=\"has-text-align-center\"><strong>Sekcije udruge<\/strong>:<\/p>\n\n\n\n<p class=\"has-text-align-center\">\u2022 Folklorna sekcija<br>\u2022 Starinarska sekcija<br>\u2022 Dramsko-scenska sekcija<br>\u2022 Tambura\u0161ki sastav sluhista<br>\u2022 Dje\u010dji tambura\u0161ki sastav<\/p>\n\n\n\n<p class=\"has-text-align-center\"><strong>Voditelj folklorne&nbsp;sekcije<\/strong>:&nbsp;IRENA BO\u017dI\u010cEVI\u0106, 098 \/ 513 &#8211; 858<\/p>\n\n\n\n<p class=\"has-text-align-center\"><strong>Voditelj starinarske&nbsp;sekcije<\/strong>:&nbsp;MARJANA MARTINAC, 098 \/ 361 &#8211; 165<\/p>\n\n\n\n<p class=\"has-text-align-center\"><strong>Voditelj dramsko-scenske sekcije<\/strong>:&nbsp;MIRJANA&nbsp;FRKETI\u0106, 091 \/ 5105 &#8211; 727<\/p>\n\n\n\n<p class=\"has-text-align-center\"><strong>Voditelj tambura\u0161kog sastava sluhista<\/strong>:&nbsp;&nbsp;VLADO LUKE&nbsp;,047 \/ 634 &#8211; 075<\/p>\n\n\n\n<p class=\"has-text-align-center\"><strong>Voditelj dje\u010djeg tambura\u0161kog sastava<\/strong>:&nbsp;ANTONIO \u0160EBREK, 098 \/ 1947 &#8211; 126<\/p>\n\n\n\n<p class=\"has-text-align-center\"><strong>E-mail adresa<\/strong>:&nbsp;kudstative@net.hr<\/p>\n\n\n\n<p class=\"has-text-align-center\"><strong>OIB udruge<\/strong>:&nbsp;57738601842<\/p>\n\n\n\n<div class=\"wp-block-columns is-layout-flex wp-container-4\">\n<div class=\"wp-block-column is-layout-flow\"><\/div>\n<\/div>\n\n\n\n<p>Kulturno umjetni\u010dko dru\u0161tvo \u201eStative\u201c osnovano je 2008. godine s ciljem obnavljanja i promicanja kulturne ba\u0161tine stativskog kraja. \u010cetrdesetak aktivnih \u010dlanova Dru\u0161tva djeluje u folklornoj, dramsko-scenskoj i starinarskoj sekciji te tambura\u0161kom sastavu sluhista i dje\u010djem tambura\u0161kom sastavu.<\/p>\n\n\n\n<p>Djelatnosti Dru\u0161tva su istra\u017eivanje i izvo\u0111enje narodnih&nbsp;pjesama i plesova, njegovanje narodne i umjetni\u010dke, vokalne i instrumentalne&nbsp;glazbe, sabiranje, evidentiranje, konzerviranje i predstavljanje predmeta tradicijske&nbsp;vrijednosti za etno zbirku te njegovanju svih drugih vrijednosti narodnog&nbsp;stvarala\u0161tva, kulturno \u2013 umjetni\u010dkog i prosvjetnog \u017eivota kraja i okolice.<\/p>\n\n\n\n<p>\u010clanovi Dru\u0161tva unatrag nekoliko godina organiziraju&nbsp;\u201eMarkovsko pro\u0161\u0107enje\u201c te&nbsp;manifestaciju \u201eLjeto na Dobri\u201c s prikazom starih igara i obi\u010daja. Redovito sudjeluju na \u017eupanijskoj smotri izvornog folklora u Ogulinu, a nastupaju i na brojnim drugim gostovanjima diljem \u017eupanije, ali i \u0161ire.<\/p>\n","protected":false},"excerpt":{"rendered":"<p>Slu\u017ebeni naziv udruge: Kulturno-umjetni\u010dko dru\u0161tvo \u201eStative\u201c Karlovac Adresa:&nbsp;Gornje Stative 1a, 47000 KARLOVAC Ime i prezime predsjednika udruge sa kontaktom:&nbsp;MARJANA MARTINAC,&nbsp;098 \/ 361 &#8211; 165 Broj \u010dlanova udruge: 40 Sekcije udruge: <a href=\"https:\/\/www.zakud-kazup.hr\/?page_id=2383\" class=\"more-link\">[&hellip;]<\/a><\/p>\n","protected":false},"author":2,"featured_media":0,"parent":171,"menu_order":0,"comment_status":"closed","ping_status":"closed","template":"","meta":{"Layout":""},"_links":{"self":[{"href":"https:\/\/www.zakud-kazup.hr\/index.php?rest_route=\/wp\/v2\/pages\/2383"}],"collection":[{"href":"https:\/\/www.zakud-kazup.hr\/index.php?rest_route=\/wp\/v2\/pages"}],"about":[{"href":"https:\/\/www.zakud-kazup.hr\/index.php?rest_route=\/wp\/v2\/types\/page"}],"author":[{"embeddable":true,"href":"https:\/\/www.zakud-kazup.hr\/index.php?rest_route=\/wp\/v2\/users\/2"}],"replies":[{"embeddable":true,"href":"https:\/\/www.zakud-kazup.hr\/index.php?rest_route=%2Fwp%2Fv2%2Fcomments&post=2383"}],"version-history":[{"count":5,"href":"https:\/\/www.zakud-kazup.hr\/index.php?rest_route=\/wp\/v2\/pages\/2383\/revisions"}],"predecessor-version":[{"id":6134,"href":"https:\/\/www.zakud-kazup.hr\/index.php?rest_route=\/wp\/v2\/pages\/2383\/revisions\/6134"}],"up":[{"embeddable":true,"href":"https:\/\/www.zakud-kazup.hr\/index.php?rest_route=\/wp\/v2\/pages\/171"}],"wp:attachment":[{"href":"https:\/\/www.zakud-kazup.hr\/index.php?rest_route=%2Fwp%2Fv2%2Fmedia&parent=2383"}],"curies":[{"name":"wp","href":"https:\/\/api.w.org\/{rel}","templated":true}]}}