{"id":212,"date":"2014-03-15T14:33:46","date_gmt":"2014-03-15T13:33:46","guid":{"rendered":"http:\/\/www.zakud-kazup.hr\/\/?page_id=212"},"modified":"2024-02-20T08:17:45","modified_gmt":"2024-02-20T07:17:45","slug":"o-nama","status":"publish","type":"page","link":"https:\/\/www.zakud-kazup.hr\/?page_id=212","title":{"rendered":"O NAMA"},"content":{"rendered":"\n<div class=\"wp-block-columns is-layout-flex wp-container-2\">\n<div class=\"wp-block-column is-layout-flow\"><\/div>\n<\/div>\n\n\n\n<p>ZAKUD \u2013 Zajednica amaterskih kulturno umjetni\u010dkih djelatnosti Karlova\u010dke \u017eupanije &#8211; zajednica je slobodno udru\u017eenih, amaterskih kulturno-umjetni\u010dkih udruga koje se bave organiziranim amaterskim radom u podru\u010dju kulture a djeluju na teritoriju Karlova\u010dke \u017eupanije.<\/p>\n\n\n\n<p>ZAKUD Karlova\u010dke \u017eupanije osnovan je 2000. godine s ciljem objedinjavanja rada u podru\u010dju kulturno-umjetni\u010dkog amaterizma te ostvarivanja prava i interesa njegovih \u010dlanica. U tom smislu, ZAKUD provodi utvr\u0111eni plan rada te izvr\u0161ava raspodjelu sredstava predvi\u0111enih prora\u010dunom Karlova\u010dke \u017eupanije i dotacija Ministarstva kulture RH namijenjenih kulturno-umjetni\u010dkom amaterizmu.<\/p>\n\n\n\n<p>U ZAKUD Karlova\u010dke \u017eupanije, kao krovnu udrugu kulturnog amaterskog djelovanja u Karlova\u010dkoj \u017eupaniji, u\u010dlanjeno je 69 udruga iz razli\u010ditih podru\u010dja kulturno-umjetni\u010dkog amaterizma. Rije\u010d je o folklornim, plesnim i kazali\u0161nim dru\u0161tvima i ansamblima, pjeva\u010dkim zborovima, malim vokalnih sastavima i vokalnim ansamblima, puha\u010dkim orkestrima, tambura\u0161kim orkestrima i sastavima, likovnim i knji\u017eevnim sekcijama i udrugama. Najve\u0107i broj \u010dlanica se stalno ili povremeno uklju\u010duje u djelatnosti ZAKUD-a, kroz seminare, smotre, festivale i razli\u010dite oblike susreta.<\/p>\n\n\n\n<p>U provo\u0111enju svojih ciljeva, ZAKUD Karlova\u010dke \u017eupanije sura\u0111uje sa Zajednicom organizacija amaterskih kulturnih djelatnosti (ZOAKD) grada Karlovca i Pu\u010dkim otvorenim u\u010dili\u0161tem Ogulin, kao i s Hrvatskim saborom kulture, dr\u017eavnom organizacijom kulturno-umjetni\u010dkog stvarala\u0161tva u Republici Hrvatskoj, \u010diji je dugogodi\u0161nji \u010dlan.<\/p>\n\n\n\n<p>S ciljem bolje umre\u017eenosti i komunikacije prema svojim \u010dlanicama i svima zainteresiranima, ZAKUD Karlova\u010dke \u017eupanije koristi Facebook stranicu <a href=\"https:\/\/www.facebook.com\/ZakudKarlovackeZupanije\">https:\/\/www.facebook.com\/ZakudKarlovackeZupanije<\/a> te internetsku stranicu https:\/\/www.zakud-kazup.hr.<\/p>\n\n\n\n<p>Kako bi se zadr\u017eala postoje\u0107a razina djelovanja te razvijalo i unapre\u0111ivalo kvalitetu i kvantitetu kulturno-umjetni\u010dkog amaterizma u Karlova\u010dkoj \u017eupaniji, djelatnosti ZAKUD-a usmjerene su na organiziranje manifestacija od \u017eupanijskog zna\u010daja, na kojima se prezentiraju i valoriziraju najbolja ostvarenja amaterskog kulturno-umjetni\u010dkog stvarala\u0161tva u \u017eupaniji (susreti pjeva\u010dkih zborova, puha\u010dkih orkestara, kazali\u0161nih, folklornih, plesnih ansambala, vokalnih i likovnih skupina). Nakon \u017eupanijskih, najkvalitetnije udruge se predstavljaju na manifestacijama na dr\u017eavnom nivou, u \u010dijoj organizaciji ZAKUD sura\u0111uje s Hrvatskim saborom kulture, te pritom poma\u017ee u organiziranju gostovanja svojih ansambala na smotrama, festivalima i susretima \u0161irom Hrvatske. Svake godine, na svom Tradicionalnom koncertu koji se odr\u017eava povodom Dana Karlova\u010dke \u017eupanije, ZAKUD udrugama koje su predstavljale&nbsp; Karlova\u010dku \u017eupaniju na dr\u017eavnim susretima dodjeljuje priznanja za stvarala\u010dki rad u tijeku prethodne godine.<\/p>\n\n\n\n<p>Va\u017ena zada\u0107a ZAKUD-a jest i organiziranje seminara i radionica namijenjenih stru\u010dnom usavr\u0161avanju i osposobljavanju stru\u010dnih voditelja amaterskih kulturno-umjetni\u010dkih udruga, pri \u010demu sura\u0111uje s Hrvatskim saborom kulture te vode\u0107im stru\u010dnjacima iz raznih podru\u010dja kulturnog djelovanja.<\/p>\n\n\n\n<p>Kao \u017eupanijska organizacija kulturno-umjetni\u010dkog amaterizma i stvarala\u0161tva, ZAKUD Karlova\u010dke \u017eupanije dodjeljuje priznanja u svoje ime i ime Hrvatskog sabora kulture svim udrugama, \u010dlanicama i pojedincima koji su doprinijeli kulturno-umjetni\u010dkom amaterskom djelovanju i stvarala\u0161tvu u Karlova\u010dkoj \u017eupaniji.<\/p>\n","protected":false},"excerpt":{"rendered":"<p>ZAKUD \u2013 Zajednica amaterskih kulturno umjetni\u010dkih djelatnosti Karlova\u010dke \u017eupanije &#8211; zajednica je slobodno udru\u017eenih, amaterskih kulturno-umjetni\u010dkih udruga koje se bave organiziranim amaterskim radom u podru\u010dju kulture a djeluju na teritoriju <a href=\"https:\/\/www.zakud-kazup.hr\/?page_id=212\" class=\"more-link\">[&hellip;]<\/a><\/p>\n","protected":false},"author":1,"featured_media":0,"parent":0,"menu_order":0,"comment_status":"closed","ping_status":"closed","template":"","meta":{"Layout":""},"_links":{"self":[{"href":"https:\/\/www.zakud-kazup.hr\/index.php?rest_route=\/wp\/v2\/pages\/212"}],"collection":[{"href":"https:\/\/www.zakud-kazup.hr\/index.php?rest_route=\/wp\/v2\/pages"}],"about":[{"href":"https:\/\/www.zakud-kazup.hr\/index.php?rest_route=\/wp\/v2\/types\/page"}],"author":[{"embeddable":true,"href":"https:\/\/www.zakud-kazup.hr\/index.php?rest_route=\/wp\/v2\/users\/1"}],"replies":[{"embeddable":true,"href":"https:\/\/www.zakud-kazup.hr\/index.php?rest_route=%2Fwp%2Fv2%2Fcomments&post=212"}],"version-history":[{"count":8,"href":"https:\/\/www.zakud-kazup.hr\/index.php?rest_route=\/wp\/v2\/pages\/212\/revisions"}],"predecessor-version":[{"id":6350,"href":"https:\/\/www.zakud-kazup.hr\/index.php?rest_route=\/wp\/v2\/pages\/212\/revisions\/6350"}],"wp:attachment":[{"href":"https:\/\/www.zakud-kazup.hr\/index.php?rest_route=%2Fwp%2Fv2%2Fmedia&parent=212"}],"curies":[{"name":"wp","href":"https:\/\/api.w.org\/{rel}","templated":true}]}}