{"id":2048,"date":"2016-07-07T12:22:42","date_gmt":"2016-07-07T11:22:42","guid":{"rendered":"http:\/\/www.zakud-kazup.hr\/?page_id=2048"},"modified":"2023-06-20T09:37:18","modified_gmt":"2023-06-20T08:37:18","slug":"kud-izvor-generalski-stol","status":"publish","type":"page","link":"https:\/\/www.zakud-kazup.hr\/?page_id=2048","title":{"rendered":"KUD \u201eIZVOR\u201c GENERALSKI STOL"},"content":{"rendered":"\n<div class=\"wp-block-columns is-layout-flex wp-container-2\">\n<div class=\"wp-block-column is-layout-flow\"><\/div>\n<\/div>\n\n\n<div class=\"wp-block-image\">\n<figure class=\"aligncenter is-resized\"><img decoding=\"async\" loading=\"lazy\" src=\"https:\/\/www.zakud-kazup.hr\/wp-content\/uploads\/2016\/07\/IMG_5854-300x200.jpg\" alt=\"IMG_5854\" class=\"wp-image-2049\" width=\"504\" height=\"336\" srcset=\"https:\/\/www.zakud-kazup.hr\/wp-content\/uploads\/2016\/07\/IMG_5854-300x200.jpg 300w, https:\/\/www.zakud-kazup.hr\/wp-content\/uploads\/2016\/07\/IMG_5854-225x150.jpg 225w, https:\/\/www.zakud-kazup.hr\/wp-content\/uploads\/2016\/07\/IMG_5854-150x100.jpg 150w, https:\/\/www.zakud-kazup.hr\/wp-content\/uploads\/2016\/07\/IMG_5854-24x16.jpg 24w, https:\/\/www.zakud-kazup.hr\/wp-content\/uploads\/2016\/07\/IMG_5854-36x24.jpg 36w, https:\/\/www.zakud-kazup.hr\/wp-content\/uploads\/2016\/07\/IMG_5854-48x32.jpg 48w, https:\/\/www.zakud-kazup.hr\/wp-content\/uploads\/2016\/07\/IMG_5854.jpg 448w\" sizes=\"(max-width: 504px) 100vw, 504px\" \/><\/figure><\/div>\n\n\n<div class=\"wp-block-columns is-layout-flex wp-container-4\">\n<div class=\"wp-block-column is-layout-flow\"><\/div>\n<\/div>\n\n\n\n<p class=\"has-text-align-center\"><strong>Adresa:<\/strong>\u00a0Generalski Stol 32,\u00a047262 GENERALSKI STOL<\/p>\n\n\n\n<p class=\"has-text-align-center\"><strong>Ime i prezime predsjednika udruge sa kontaktom:<\/strong>&nbsp;DAMIR \u0160KRTI\u0106, 091 \/ 5525 &#8211; 553<\/p>\n\n\n\n<p class=\"has-text-align-center\"><strong>Broj \u010dlanova udruge: <\/strong>40<b><\/b><\/p>\n\n\n\n<p class=\"has-text-align-center\"><strong>Sekcije udruge:<\/strong><\/p>\n\n\n\n<p class=\"has-text-align-center\">\u2022 Gluma\u010dka sekcija<br>\u2022 Plesno-pjeva\u010dka sekcija<br>\u2022 Glazbena sekcija<br>\u2022 Umjetni\u010dka sekcija<\/p>\n\n\n\n<p class=\"has-text-align-center\"><strong>Voditelj gluma\u010dke&nbsp;sekcije:<\/strong>&nbsp;ANKICA MO\u0160KUN, 091 \/ 9043 &#8211; 203<\/p>\n\n\n\n<p class=\"has-text-align-center\"><strong>Voditelj plesno-pjeva\u010dke&nbsp;sekcije:<\/strong>&nbsp;DANIJELA \u0160PEHAR,&nbsp;099 \/ 3273 &#8211; 753<\/p>\n\n\n\n<p class=\"has-text-align-center\"><strong>Voditelj glazbene sekcije:<\/strong>&nbsp;VLADO PETRUNI\u0106,&nbsp;098 \/ 9787 &#8211; 270<\/p>\n\n\n\n<p class=\"has-text-align-center\"><strong>Voditelj umjetni\u010dke sekcije:<\/strong>&nbsp;ANDREJA \u0160KRTI\u0106,&nbsp;099 \/ 4366 &#8211; 080<\/p>\n\n\n\n<p class=\"has-text-align-center\"><strong>E-mail adresa:<\/strong><b>&nbsp;<\/b>damir.skrtic@gmail.com<\/p>\n\n\n\n<p class=\"has-text-align-center\"><strong>OIB udruge:<\/strong>\u00a095383473718<\/p>\n\n\n\n<div class=\"wp-block-columns is-layout-flex wp-container-6\">\n<div class=\"wp-block-column is-layout-flow\"><\/div>\n<\/div>\n\n\n\n<p class=\"has-text-align-left\">KUD&nbsp;\u201eIzvor\u201c iz Generalskog Stola osnovan je u Gornjem Zve\u010daju 2003. godine.<\/p>\n\n\n\n<p class=\"has-text-align-left\">Dru\u0161tvo broji 38 aktivnih \u010dlanova koji su, u namjeri da sa\u010duvaju stare pjesme, plesove i obi\u010daje od zaborava, do sada izdali 27 DVD-a i 5 CD-a, izveli 11 kazali\u0161nih predstava te odr\u017eali oko 550 nastupa diljem Lijepe na\u0161e i u susjednim zemljama.<\/p>\n\n\n\n<p class=\"has-text-align-left\">\u010clanovi Dru\u0161tva su uspje\u0161ni nosioci kulturnog \u017eivota i promotori svoga kraja, Karlova\u010dke \u017eupanije i Republike&nbsp;Hrvatske sa u\u010destalim nastupima i aktivnim uklju\u010divanjem u sva doga\u0111anja u op\u0107ini Generalski Stol.<\/p>\n\n\n\n<p class=\"has-text-align-left\">Sudjelovali su i gostovali u brojnim radio i TV emisijama.<\/p>\n\n\n\n<p class=\"has-text-align-left\">Dobitnici su nagrade Hrvatskog sabora kulture za predstavu \u201eStari svadbeni obi\u010daji na\u0161ega kraja\u201c za njegovanje kulturne ba\u0161tine 2006. godine, dobitnici \u017eupanijskog i op\u0107inskog priznanja, dobitnici Grand prixa za najbolji program na velikoj smotri folklora u Donjim Ra\u0161tanima i mnogih priznanja na raznim smotrama diljem Hrvatske.<\/p>\n","protected":false},"excerpt":{"rendered":"<p>Adresa:\u00a0Generalski Stol 32,\u00a047262 GENERALSKI STOL Ime i prezime predsjednika udruge sa kontaktom:&nbsp;DAMIR \u0160KRTI\u0106, 091 \/ 5525 &#8211; 553 Broj \u010dlanova udruge: 40 Sekcije udruge: \u2022 Gluma\u010dka sekcija\u2022 Plesno-pjeva\u010dka sekcija\u2022 Glazbena <a href=\"https:\/\/www.zakud-kazup.hr\/?page_id=2048\" class=\"more-link\">[&hellip;]<\/a><\/p>\n","protected":false},"author":2,"featured_media":0,"parent":0,"menu_order":0,"comment_status":"closed","ping_status":"closed","template":"","meta":{"Layout":""},"_links":{"self":[{"href":"https:\/\/www.zakud-kazup.hr\/index.php?rest_route=\/wp\/v2\/pages\/2048"}],"collection":[{"href":"https:\/\/www.zakud-kazup.hr\/index.php?rest_route=\/wp\/v2\/pages"}],"about":[{"href":"https:\/\/www.zakud-kazup.hr\/index.php?rest_route=\/wp\/v2\/types\/page"}],"author":[{"embeddable":true,"href":"https:\/\/www.zakud-kazup.hr\/index.php?rest_route=\/wp\/v2\/users\/2"}],"replies":[{"embeddable":true,"href":"https:\/\/www.zakud-kazup.hr\/index.php?rest_route=%2Fwp%2Fv2%2Fcomments&post=2048"}],"version-history":[{"count":4,"href":"https:\/\/www.zakud-kazup.hr\/index.php?rest_route=\/wp\/v2\/pages\/2048\/revisions"}],"predecessor-version":[{"id":5234,"href":"https:\/\/www.zakud-kazup.hr\/index.php?rest_route=\/wp\/v2\/pages\/2048\/revisions\/5234"}],"wp:attachment":[{"href":"https:\/\/www.zakud-kazup.hr\/index.php?rest_route=%2Fwp%2Fv2%2Fmedia&parent=2048"}],"curies":[{"name":"wp","href":"https:\/\/api.w.org\/{rel}","templated":true}]}}