{"id":2042,"date":"2016-07-07T11:31:13","date_gmt":"2016-07-07T10:31:13","guid":{"rendered":"http:\/\/www.zakud-kazup.hr\/?page_id=2042"},"modified":"2025-12-03T07:33:10","modified_gmt":"2025-12-03T06:33:10","slug":"kud-izvor-rakovica","status":"publish","type":"page","link":"https:\/\/www.zakud-kazup.hr\/?page_id=2042","title":{"rendered":"KUD &#8220;IZVOR&#8221; RAKOVICA"},"content":{"rendered":"\n<div class=\"wp-block-columns is-layout-flex wp-container-2\">\n<div class=\"wp-block-column is-layout-flow\"><\/div>\n<\/div>\n\n\n<div class=\"wp-block-image\">\n<figure class=\"aligncenter size-large is-resized\"><img decoding=\"async\" loading=\"lazy\" src=\"https:\/\/www.zakud-kazup.hr\/wp-content\/uploads\/2025\/12\/514343640_1083447570553328_8221545927987524290_n-1024x534.jpg\" alt=\"\" class=\"wp-image-7774\" width=\"768\" height=\"401\" srcset=\"https:\/\/www.zakud-kazup.hr\/wp-content\/uploads\/2025\/12\/514343640_1083447570553328_8221545927987524290_n-1024x534.jpg 1024w, https:\/\/www.zakud-kazup.hr\/wp-content\/uploads\/2025\/12\/514343640_1083447570553328_8221545927987524290_n-300x156.jpg 300w, https:\/\/www.zakud-kazup.hr\/wp-content\/uploads\/2025\/12\/514343640_1083447570553328_8221545927987524290_n-1536x801.jpg 1536w, https:\/\/www.zakud-kazup.hr\/wp-content\/uploads\/2025\/12\/514343640_1083447570553328_8221545927987524290_n-24x13.jpg 24w, https:\/\/www.zakud-kazup.hr\/wp-content\/uploads\/2025\/12\/514343640_1083447570553328_8221545927987524290_n-36x19.jpg 36w, https:\/\/www.zakud-kazup.hr\/wp-content\/uploads\/2025\/12\/514343640_1083447570553328_8221545927987524290_n-48x25.jpg 48w, https:\/\/www.zakud-kazup.hr\/wp-content\/uploads\/2025\/12\/514343640_1083447570553328_8221545927987524290_n-959x500.jpg 959w, https:\/\/www.zakud-kazup.hr\/wp-content\/uploads\/2025\/12\/514343640_1083447570553328_8221545927987524290_n.jpg 2048w\" sizes=\"(max-width: 768px) 100vw, 768px\" \/><\/figure><\/div>\n\n\n<div class=\"wp-block-columns is-layout-flex wp-container-4\">\n<div class=\"wp-block-column is-layout-flow\"><\/div>\n<\/div>\n\n\n\n<p class=\"has-text-align-center\"><strong>Adresa:<\/strong>&nbsp;Rakovica&nbsp;29C, 47245 RAKOVICA<\/p>\n\n\n\n<p class=\"has-text-align-center\"><strong>Ime i prezime predsjednika udruge s kontaktom:<\/strong> KRUNOSLAV TURKALJ, 099\/523-9347<\/p>\n\n\n\n<p class=\"has-text-align-center\"><strong>Ime i prezime tajnice udruge s kontaktom: <\/strong>MARIJANA TURKALJ, 099\/408-1755<\/p>\n\n\n\n<p class=\"has-text-align-center\"><strong>Broj \u010dlanova udruge:<\/strong>&nbsp;35<\/p>\n\n\n\n<p class=\"has-text-align-center\"><strong>Sekcije udruge:<\/strong><\/p>\n\n\n\n<p class=\"has-text-align-center\">\u2022 Plesna sekcija<br>\u2022 Pjeva\u010dka sekcija<br>\u2022 Tambura\u0161ka sekcija<\/p>\n\n\n\n<p class=\"has-text-align-center\"><strong>Voditelj plesne&nbsp;sekcije:<\/strong>&nbsp;IRENA TOMI\u010cI\u0106 BI\u0106ANI\u0106, 092 \/ 1078 &#8211; 287<b><\/b><\/p>\n\n\n\n<p class=\"has-text-align-center\"><strong>Voditelj pjeva\u010dke&nbsp;sekcije:<\/strong>&nbsp;IRENA TOMI\u010cI\u0106 BI\u0106ANI\u0106, 092 \/ 1078 &#8211; 287<\/p>\n\n\n\n<p class=\"has-text-align-center\"><strong>Voditelj tambura\u0161ke sekcije:<\/strong>&nbsp;IRENA TOMI\u010cI\u0106 BI\u0106ANI\u0106, 092 \/ 1078 &#8211; 287<\/p>\n\n\n\n<p class=\"has-text-align-center\"><strong>E-mail adresa:<\/strong><b>&nbsp;<\/b>kudizvor.rakovica78@gmail.com<\/p>\n\n\n\n<p class=\"has-text-align-center\"><strong>OIB udruge:<\/strong>&nbsp;87647023273<\/p>\n\n\n\n<div class=\"wp-block-columns is-layout-flex wp-container-6\">\n<div class=\"wp-block-column is-layout-flow\"><\/div>\n<\/div>\n\n\n\n<p class=\"has-text-align-left\">Kulturno umjetni\u010dko dru\u0161tvo \u201eIzvor\u201c iz Rakovice utemeljeno je 1978. godine s ciljem gajenja i prono\u0161enja izvorne kulturne ba\u0161tine i tradicije rakovi\u010dko-dre\u017eni\u010dkog kraja diljem Domovine, ali i \u0161ire.<\/p>\n\n\n\n<p class=\"has-text-align-left\">U Dru\u0161tvu djeluju plesna, pjeva\u010dka, tambura\u0161ka i literarna sekcija, a posebno je ponosno na podmladak kojeg je sve vi\u0161e i koji ulijeva nadu da \u0107e rakovi\u010dki obi\u010daji \u017eivjeti i dalje.<\/p>\n\n\n\n<p class=\"has-text-align-left\">Kako su u&nbsp;ratnim stradanjima uni\u0161tene izvorne vrijednosti Dru\u0161tva, \u010dlanovi su morali ponovo iz pepela stvoriti i rekonstruirati izgubljene narodne no\u0161nje i glazbene instrumente koje danas koriste u svojim nastupima.<\/p>\n\n\n\n<p class=\"has-text-align-left\">KUD \u201eIzvor\u201c ostvaruje zna\u010dajnu suradnju sa Op\u0107inom Rakovica, Turisti\u010dkom zajednicom, Nacionalnim parkom Plitvi\u010dka jezera i ostalim udrugama na podru\u010dju op\u0107ine te godi\u0161nje nastupi na dvadesetak manifestacija diljem Lijepe na\u0161e, ali i zvan nje.<\/p>\n\n\n\n<p class=\"has-text-align-left\">\u010clanovi Dru\u0161tva ponosno su sudjelovali na svim zna\u010dajnijim smotrama folklora u Hrvatskoj, a ostvarili su i mnoga inozemna gostovanja u susjednim dr\u017eavama.&nbsp;Imali su zapa\u017eene nastupe na Radio Slunju, Radio Karlovcu te u programu Hrvatskog radija, u televizijskom programu HRT-a, Z1 televizije i TV Jabuke, a sudjelovalo je i u snimanju dokumentarnog filma o Plitvi\u010dkim jezerima i okolici za njema\u010dku televiziju ARD. Posebno su ponosni na sudjelovanje u snimanju dokumentarnog serijala HRT-a \u201eHrvatsko vodeno blago\u201c.<\/p>\n\n\n\n<div class=\"wp-block-columns is-layout-flex wp-container-8\">\n<div class=\"wp-block-column is-layout-flow\"><\/div>\n<\/div>\n","protected":false},"excerpt":{"rendered":"<p>Adresa:&nbsp;Rakovica&nbsp;29C, 47245 RAKOVICA Ime i prezime predsjednika udruge s kontaktom: KRUNOSLAV TURKALJ, 099\/523-9347 Ime i prezime tajnice udruge s kontaktom: MARIJANA TURKALJ, 099\/408-1755 Broj \u010dlanova udruge:&nbsp;35 Sekcije udruge: \u2022 Plesna <a href=\"https:\/\/www.zakud-kazup.hr\/?page_id=2042\" class=\"more-link\">[&hellip;]<\/a><\/p>\n","protected":false},"author":2,"featured_media":0,"parent":171,"menu_order":0,"comment_status":"closed","ping_status":"closed","template":"","meta":{"Layout":""},"_links":{"self":[{"href":"https:\/\/www.zakud-kazup.hr\/index.php?rest_route=\/wp\/v2\/pages\/2042"}],"collection":[{"href":"https:\/\/www.zakud-kazup.hr\/index.php?rest_route=\/wp\/v2\/pages"}],"about":[{"href":"https:\/\/www.zakud-kazup.hr\/index.php?rest_route=\/wp\/v2\/types\/page"}],"author":[{"embeddable":true,"href":"https:\/\/www.zakud-kazup.hr\/index.php?rest_route=\/wp\/v2\/users\/2"}],"replies":[{"embeddable":true,"href":"https:\/\/www.zakud-kazup.hr\/index.php?rest_route=%2Fwp%2Fv2%2Fcomments&post=2042"}],"version-history":[{"count":8,"href":"https:\/\/www.zakud-kazup.hr\/index.php?rest_route=\/wp\/v2\/pages\/2042\/revisions"}],"predecessor-version":[{"id":7775,"href":"https:\/\/www.zakud-kazup.hr\/index.php?rest_route=\/wp\/v2\/pages\/2042\/revisions\/7775"}],"up":[{"embeddable":true,"href":"https:\/\/www.zakud-kazup.hr\/index.php?rest_route=\/wp\/v2\/pages\/171"}],"wp:attachment":[{"href":"https:\/\/www.zakud-kazup.hr\/index.php?rest_route=%2Fwp%2Fv2%2Fmedia&parent=2042"}],"curies":[{"name":"wp","href":"https:\/\/api.w.org\/{rel}","templated":true}]}}